{"id":15044,"date":"2017-03-31T08:22:25","date_gmt":"2017-03-31T06:22:25","guid":{"rendered":"http:\/\/www.rwg-bayreuth.de\/home\/?p=15044"},"modified":"2020-07-10T09:21:50","modified_gmt":"2020-07-10T07:21:50","slug":"15044-2","status":"publish","type":"page","link":"https:\/\/www.rwg-bayreuth.de\/home\/?page_id=15044","title":{"rendered":"Festprogramm"},"content":{"rendered":"<p><a href=\"https:\/\/www.rwg-bayreuth.de\/home\/wp-content\/uploads\/2017\/03\/Jubi2017.jpg\"><img decoding=\"async\" class=\"alignnone size-full wp-image-17171\" src=\"https:\/\/www.rwg-bayreuth.de\/home\/wp-content\/uploads\/2017\/03\/Jubi2017.jpg\" alt=\"\" width=\"100%\" srcset=\"https:\/\/www.rwg-bayreuth.de\/home\/wp-content\/uploads\/2017\/03\/Jubi2017.jpg 1024w, https:\/\/www.rwg-bayreuth.de\/home\/wp-content\/uploads\/2017\/03\/Jubi2017-450x121.jpg 450w, https:\/\/www.rwg-bayreuth.de\/home\/wp-content\/uploads\/2017\/03\/Jubi2017-768x207.jpg 768w, https:\/\/www.rwg-bayreuth.de\/home\/wp-content\/uploads\/2017\/03\/Jubi2017-250x67.jpg 250w\" sizes=\"(max-width: 1024px) 100vw, 1024px\" \/><\/a><!--\n\n<a href=\"https:\/\/www.rwg-bayreuth.de\/home\/wp-content\/uploads\/2017\/03\/einladung-silhouette-karte-web-1024.jpg\"><img decoding=\"async\" src=\"https:\/\/www.rwg-bayreuth.de\/home\/wp-content\/uploads\/2017\/03\/einladung-silhouette-karte-web-1024.jpg\" alt=\"\" width=\"100%\" class=\"alignnone size-full wp-image-15046\" srcset=\"https:\/\/www.rwg-bayreuth.de\/home\/wp-content\/uploads\/2017\/03\/einladung-silhouette-karte-web-1024.jpg 1024w, https:\/\/www.rwg-bayreuth.de\/home\/wp-content\/uploads\/2017\/03\/einladung-silhouette-karte-web-1024-450x214.jpg 450w, https:\/\/www.rwg-bayreuth.de\/home\/wp-content\/uploads\/2017\/03\/einladung-silhouette-karte-web-1024-768x365.jpg 768w, https:\/\/www.rwg-bayreuth.de\/home\/wp-content\/uploads\/2017\/03\/einladung-silhouette-karte-web-1024-250x119.jpg 250w\" sizes=\"(max-width: 1024px) 100vw, 1024px\" \/><\/a>\n\nUnsere Schule wurde 1867 als \u201eH\u00f6here T\u00f6chterschule\u201c gegr\u00fcndet. Damals hatte sie 48 Sch\u00fclerinnen in zwei Klassen.\n\nSeitdem ist viel geschehen: Das Richard-Wagner-Gymnasium Bayreuth ist heute ein modernes sprachliches, sozial- und wirtschaftwissenschaftliches Gymnasium.\n\nDiese lange Entwicklung m\u00f6chten wir gemeinsam im Jubil\u00e4umsjahr 2017 feiern. --><!--Zu den Veranstaltungen unseres Festprogramms laden wir herzlich ein:--><!-- Daf\u00fcr gibt es ein umfassendes Festprogramm:--><\/p>\n<p>Unsere Schule hat sich in den vergangenen 150 Jahren von der \u201eH\u00f6heren T\u00f6chterschule\u201c zu einem modernen sprachlichen, sozial- und wirtschaftwissenschaftlichen Gymnasium weiterentwickelt. Das wollten wir gemeinsam feiern.<\/p>\n<h4>Festprogramm<\/h4>\n<ul class=\"jubi\">\n<li>\n<p>03.05.2017 \u00a0 Sommerkonzert zum Schuljubil\u00e4um<\/li>\n<li>\n<p>26.07.2017 \u00a0 Sommerfest des RWG im Jubil\u00e4umsjahr<\/li>\n<li>\n<p>28.09.2017 \u00a0 Verleihung des Ritchie-Schulpreises<\/li>\n<li>\n<p>05.10.2017 \u00a0 Sponsorenlauf am R\u00f6hrensee zugunsten des Pangani Lutheran Children&#8217;s Centre Nairobi (PLCC)<\/li>\n<li>\n<p>06.10.2017 \u00a0 17.00 &#8211; 22.30 Uhr: Lange Nacht der Wissenschaften<\/p>\n<p>Ein Highlight: 19.00 Uhr &#8211; Turnhalle &#8211; Vortrag von Prof. Dr. Harald Lesch: \u201eWenn die Raumzeit wackelt und das Higgs-Feld schwingt: Schlagzeilen vom Rande der Wirklichkeit\u201c<\/p>\n<p>Die Platzkarten f\u00fcr diesen Vortrag werden ab 17.00 Uhr im Schulhaus ausgegeben.<\/p>\n<p>Eintritt frei!<\/p>\n<ul>\n<li style=\"border-top: none;\">[dropdown_box expand_text=&#8220;&#8220; show_more=&#8220;Alle Informationen zu den Vortr\u00e4gen, Vorf\u00fchrungen und Aktionen anzeigen.&#8220; show_less=&#8220;Liste aller Aktionen verbergen.&#8220; start=&#8220;hide&#8220;]\n<h5 style=\"border-top: 1px solid #2b2b2b; margin-top:10px; color: white; background-image: radial-gradient(#333333 2% , #2b2b2b 50%); padding-left: 20px\">Weitere Vortr\u00e4ge und Vorf\u00fchrungen<\/h5>\n<ul>\n<li style=\"border-top: none\">Herr Dr. Bargel: \u201eWas Spinnenseide alles leisten kann &#8211; Proteinforschung f\u00fcr bio-inspirierte Materialien der Zukunft\u201c<br \/>\n18.00 Uhr &#8211; Raum 116 &#8211; Dauer ca. 45 Minuten<\/li>\n<li>Herr Scholz vom Vermessungsamt Bayreuth: \u201eVermessung der Welt\u201c<br \/>\n20.30 Uhr &#8211; Raum 116 &#8211; Dauer ca. 45 Minuten<\/li>\n<li>Schwarzlicht-Zauberei von Peter Hofmann &#8211; \u201eNichts ist, wie es scheint &hellip;&#8220;<br \/>\n19.30 Uhr und 21.00 Uhr &#8211; Aula &#8211; Dauer ca. 30 Minuten\n<\/li>\n<li>\nShowversuche Chemie<br \/>\n17.15 Uhr und 20.15 Uhr &#8211; Raum 015\n<\/li>\n<\/ul>\n<h5 style=\"border-top: 1px solid #2b2b2b; margin-top:10px; color: white; background-image: radial-gradient(#333333 2% , #2b2b2b 50%); padding-left: 20px\">Workshops<\/h5>\n<ul>\n<li style=\"border-top: none\">\nFABLAB Bayreuth<br \/>\n3d-Druck &#8211; 17.30 Uhr und 20.30 Uhr &#8211; Raum 212<br \/>\nMaterialkosten sind vor Ort zu erbringen.<br \/>\nJeweils 20 Pl\u00e4tze. Es kann aber jederzeit \u00fcber die Schultern geschaut werden.<br \/>\nFoliendruck &#8211; 17.30 Uhr und 20.30 Uhr &#8211; Raum 213<br \/>\nMaterialkosten sind vor Ort zu erbringen, T-Shirt bitte mitbringen.<br \/>\n<a href=\"https:\/\/www.fablab-bayreuth.de\/\">https:\/\/www.fablab-bayreuth.de\/<\/a>\n<\/li>\n<li>\nOptimierungslabor &#8211; Lehrstuhl Wirtschaftsmathematik Uni Bayreuth &#8211; Herr Prof. Dr. Rambau<br \/>\nAusstellung: 17.00 Uhr bis 18.45 Uhr &#8211; obere Pausenhalle<br \/>\nWorkshop: 20.15 Uhr und 21.15 Uhr &#8211; Raum 137<br \/>\nbesonders geeignet f\u00fcr Sch\u00fcler ab Jahrgangsstufe 10<br \/>\njeweils 3 Gruppen zu je 8 Teilnehmern<br \/>\n<a href=\"http:\/\/www.wm.uni-bayreuth.de\/de\/angebote\/optimierungslabor\/index.html\">http:\/\/www.wm.uni-bayreuth.de\/de\/angebote\/optimierungslabor\/index.html<\/a>\n<\/li>\n<li>\nS\u00fc\u00dfes aus der Chemie &#8211; Didaktik der Chemie Uni Bayreuth &#8211; AkadDir Dr. Wagner<br \/>\nRaum 017 und 018<br \/>\nDies findet 3 mal am Abend statt. Genaue Termine werden noch bekannt gegeben.<br \/>\n<a href=\"http:\/\/didaktikchemie.uni-bayreuth.de\/de\/index.html\">http:\/\/didaktikchemie.uni-bayreuth.de\/de\/index.html<\/a>\n<\/li>\n<li>\nExperimente aus der Biotechnologie &#8211; Didaktik der Biologie Uni Bayreuth &#8211; AkadDir Dr. Scharfenberg<br \/>\n17.30 bis 18.30 Uhr und 20.30 bis 21.30 Uhr &#8211; Raum Chemie<br \/>\n<a href=\"https:\/\/www.bayceer.uni-bayreuth.de\/didaktik-bio\/\">https:\/\/www.bayceer.uni-bayreuth.de\/didaktik-bio\/<\/a>\n<\/li>\n<\/ul>\n<h5 style=\"border-top: 1px solid #2b2b2b; margin-top:10px; color: white; background-image: radial-gradient(#333333 2% , #2b2b2b 50%); padding-left: 20px\">Mitmachaktionen &#8211; Experimentierstationen &#8211; Ausstellungen<\/h5>\n<ul>\n<li style=\"border-top: none\">\nPhysik zum Mitmachen und Staunen<br \/>\n17.00 bis 18.45 Uhr und 20.15 bis 22.30 Uhr &#8211; Raum 021<\/li>\n<li>Optische Ph\u00e4nomene<br \/>\n17.00 bis 18.45 Uhr und 20.15 bis 22.30 Uhr &#8211; Raum 024<\/li>\n<li>Haus der kleinen Forscher<br \/>\n17.00 bis 18.45 Uhr und 20.15 bis 22.30 Uhr &#8211; Raum 217<br \/>\n<a href=\"https:\/\/www.bayreuth.ihk.de\/Haus-der-kleinen-Forscher.htm\">https:\/\/www.bayreuth.ihk.de\/Haus-der-kleinen-Forscher.htm<\/a>\n<\/li>\n<li>Programmieren mit der Roboter AG des RWG<br \/>\n17.00 bis 18.45 Uhr und 20.15 bis 22.30 Uhr &#8211; Raum 024<\/li>\n<li>Gesteinsuntersuchungen mit der Poliermaschine<br \/>\n17.00 bis 22.30 Uhr &#8211; Raum 219<\/li>\n<li>Darstellung aktueller Wetterdaten<br \/>\n17.00 bis 22.30 Uhr &#8211; Raum 219<\/li>\n<li>\u201eMathe-Cafe Pi\u201c: Spiele f\u00fcr Gro\u00df und Klein, Kinderbetreuung, S\u00fc\u00dfes und Herzhaftes, Getr\u00e4nke<br \/>\n17.00 bis 22.30 Uhr &#8211; Raum 218<\/li>\n<li>Mathematik zum Anfassen<br \/>\n17.00 bis 22.30 Uhr &#8211; Raum 215, 216 und 217<\/li>\n<li>Mathematik \u2013 einfach andersARTig<br \/>\n17.00 bis 22.30 Uhr &#8211; Cafe Pi (Raum 218) und Voraum<\/li>\n<li>Camera Obscura<br \/>\n17.00 bis 22.30 Uhr &#8211; untere Pausenhalle<br \/>\n<a href=\"http:\/\/www.spielmobil-bayreuth.de\">http:\/\/www.spielmobil-bayreuth.de<\/a>, <a href=\"http:\/\/www.professorium.de\">http:\/\/www.professorium.de<\/a>\n<\/li>\n<li>\u201eSchatzsuche mit GPS\u201c P-Seminar &#8211; Projektvorstellung<br \/>\n17.00 bis 22.30 Uhr &#8211; untere Pausenhalle<\/li>\n<li>Sch\u00fcler experimentieren &#8211; Unsere Preistr\u00e4ger stellen ihre Projekte vor<br \/>\n17.00 bis 18.30 Uhr &#8211; obere Pausenhalle<\/li>\n<li>RWG Merchandise<br \/>\n17.00 bis 22.30 Uhr &#8211; obere Pausenhalle<\/li>\n<\/ul>\n<h5 style=\"border-top: 1px solid #2b2b2b; margin-top:10px; color: white; background-image: radial-gradient(#333333 2% , #2b2b2b 50%); padding-left: 20px\">Verpflegunsstationen<\/h5>\n<ul>\n<li style=\"border-top: none\">Mensa: Metzgerei D\u00fcnkel<\/li>\n<li>Obere Pausenhalle: Q11\/12 Kuchen und Getr\u00e4nke<\/li>\n<li style=\"border-bottom: 1px solid #2b2b2b; padding-bottom:10px !important; margin-bottom:20px;\">Raum 218 &#8211; Cafe Pi: S\u00fc\u00dfes und Herzhaftes, hei\u00dfe und kalte Getr\u00e4nke, Kinderbetreuung<\/li>\n<\/ul>\n<div style=\"padding-left:0px !important; font-weight: normal;\">[dropdown_box_toggle_all hide=&#8220;Liste aller Aktionen verbergen.&#8220; show=&#8220;&#8220; separator=&#8220;&#8220; \/]\n[\/dropdown_box]<\/div>\n<\/li>\n<\/ul>\n<p><a href=\"https:\/\/www.rwg-bayreuth.de\/home\/wp-content\/uploads\/2017\/03\/Folder-Lange-Nacht_Web-2.pdf\">Flyer mit weiteren Informationen zu den Aktionen, Vortr\u00e4gen und Vorf\u00fchrungen<\/a><\/li>\n<li>\n<p>10.\/11.10.2017 \u00a0 Premiere des RWG-Jubil\u00e4umskrimi \u201eNotenspur in Moll\u201c<\/li>\n<li>\n<p>13.10.2017 \u00a0 14.00 Uhr: Jubil\u00e4umsgottesdienst in der Stadtkirche<br \/>\nab 15.00 Uhr: Jubil\u00e4umsschulfest: \u201eDas RWG gestern &#8211; heute &#8211; morgen\u201c<\/p>\n<p>Das RWG \u00f6ffnet sich Besuchern: Ausstellungen &#8211; Vorf\u00fchrungen &#8211; Mitmachaktionen<\/li>\n<li>\n<p>14.10.2017 \u00a0 10.00 Uhr: Festakt in der Oberfrankenhalle<br \/>\nNachmittags: Ehemaligentreffen in der Schule<\/p>\n<p><strong>Ab 14.00 Uhr <\/strong>Sektempfang in der Turnhalle<\/p>\n<p><strong>14.30 Uhr<\/strong> Begr\u00fc\u00dfung durch die Schulleiterin Frau OStDin Ursula Graf<\/p>\n<p>Anschneiden der gro\u00dfen Jubil\u00e4umstorte<\/p>\n<p>Anschlie\u00dfend Kaffee, Kuchen und gem\u00fctliches Beisammensein<\/p>\n<p><strong>Ab 15.30 Uhr<\/strong> auf Wunsch: klassenweise F\u00fchrungen durch das Schulgeb\u00e4ude<\/p>\n<p><strong>gegen 17.30 Uhr<\/strong>: Ende der Veranstaltung<br \/>\n<br \/>\nIm Geb\u00e4ude gibt es Ausstellungen und Vorf\u00fchrungen. Auch das Schulmuseum ist ge\u00f6ffnet.<br \/>\nEs besteht die M\u00f6glichkeit, Klassenfotos fertigen zu lassen.<br \/>\n<br \/>\nAm Verkaufstisch gibt es Erinnerungsst\u00fccke an die Schulzeit &#8211; die Jubil\u00e4umsfestschrift, den Jubil\u00e4umskalender, Schulpostkarten und Gedenkm\u00fcnzen. Auch die RWG-Schulprodukte werden angeboten (Taschen, Stifte, T-Shirts usw.). Selbst Replika der fr\u00fcheren Sch\u00fclerm\u00fctzen sind dabei.<br \/>\n<br \/>\nDas RWG freut sich darauf, m\u00f6glichst viele Ehemalige begr\u00fc\u00dfen zu k\u00f6nnen.<\/p>\n<\/li>\n<\/ul>\n","protected":false},"excerpt":{"rendered":"<p>Unsere Schule hat sich in den vergangenen 150 Jahren von der \u201eH\u00f6heren T\u00f6chterschule\u201c zu einem modernen sprachlichen, sozial- und wirtschaftwissenschaftlichen Gymnasium weiterentwickelt. Das wollten wir gemeinsam feiern. Festprogramm 03.05.2017 \u00a0 Sommerkonzert zum Schuljubil\u00e4um 26.07.2017 \u00a0 Sommerfest des RWG im Jubil\u00e4umsjahr 28.09.2017 \u00a0 Verleihung des Ritchie-Schulpreises 05.10.2017 \u00a0 Sponsorenlauf am R\u00f6hrensee zugunsten des Pangani Lutheran Children&#8217;s&hellip;<\/p>\n","protected":false},"author":2,"featured_media":0,"parent":17731,"menu_order":0,"comment_status":"closed","ping_status":"closed","template":"page-templates\/no-sidebar.php","meta":{"footnotes":""},"tags":[],"_links":{"self":[{"href":"https:\/\/www.rwg-bayreuth.de\/home\/index.php?rest_route=\/wp\/v2\/pages\/15044"}],"collection":[{"href":"https:\/\/www.rwg-bayreuth.de\/home\/index.php?rest_route=\/wp\/v2\/pages"}],"about":[{"href":"https:\/\/www.rwg-bayreuth.de\/home\/index.php?rest_route=\/wp\/v2\/types\/page"}],"author":[{"embeddable":true,"href":"https:\/\/www.rwg-bayreuth.de\/home\/index.php?rest_route=\/wp\/v2\/users\/2"}],"replies":[{"embeddable":true,"href":"https:\/\/www.rwg-bayreuth.de\/home\/index.php?rest_route=%2Fwp%2Fv2%2Fcomments&post=15044"}],"version-history":[{"count":119,"href":"https:\/\/www.rwg-bayreuth.de\/home\/index.php?rest_route=\/wp\/v2\/pages\/15044\/revisions"}],"predecessor-version":[{"id":17978,"href":"https:\/\/www.rwg-bayreuth.de\/home\/index.php?rest_route=\/wp\/v2\/pages\/15044\/revisions\/17978"}],"up":[{"embeddable":true,"href":"https:\/\/www.rwg-bayreuth.de\/home\/index.php?rest_route=\/wp\/v2\/pages\/17731"}],"wp:attachment":[{"href":"https:\/\/www.rwg-bayreuth.de\/home\/index.php?rest_route=%2Fwp%2Fv2%2Fmedia&parent=15044"}],"wp:term":[{"taxonomy":"post_tag","embeddable":true,"href":"https:\/\/www.rwg-bayreuth.de\/home\/index.php?rest_route=%2Fwp%2Fv2%2Ftags&post=15044"}],"curies":[{"name":"wp","href":"https:\/\/api.w.org\/{rel}","templated":true}]}}