{"id":14887,"date":"2017-03-22T20:25:05","date_gmt":"2017-03-22T19:25:05","guid":{"rendered":"http:\/\/www.rwg-bayreuth.de\/home\/?page_id=14887"},"modified":"2025-01-24T17:47:16","modified_gmt":"2025-01-24T16:47:16","slug":"austausch-mit-market-harborough","status":"publish","type":"page","link":"https:\/\/www.rwg-bayreuth.de\/home\/?page_id=14887","title":{"rendered":"Austausch mit Market Harborough"},"content":{"rendered":"<p><img decoding=\"async\" class=\"aligncenter size-medium wp-image-19603 crop219top\" src=\"https:\/\/www.rwg-bayreuth.de\/home\/wp-content\/uploads\/2018\/09\/Schild-Welland-Park-Academy-k.jpg\" alt=\"\" width=\"100%\" height=\"auto\" srcset=\"https:\/\/www.rwg-bayreuth.de\/home\/wp-content\/uploads\/2018\/09\/Schild-Welland-Park-Academy-k.jpg 1440w, https:\/\/www.rwg-bayreuth.de\/home\/wp-content\/uploads\/2018\/09\/Schild-Welland-Park-Academy-k-450x253.jpg 450w, https:\/\/www.rwg-bayreuth.de\/home\/wp-content\/uploads\/2018\/09\/Schild-Welland-Park-Academy-k-768x432.jpg 768w, https:\/\/www.rwg-bayreuth.de\/home\/wp-content\/uploads\/2018\/09\/Schild-Welland-Park-Academy-k-1024x576.jpg 1024w, https:\/\/www.rwg-bayreuth.de\/home\/wp-content\/uploads\/2018\/09\/Schild-Welland-Park-Academy-k-250x141.jpg 250w, https:\/\/www.rwg-bayreuth.de\/home\/wp-content\/uploads\/2018\/09\/Schild-Welland-Park-Academy-k-1260x709.jpg 1260w, https:\/\/www.rwg-bayreuth.de\/home\/wp-content\/uploads\/2018\/09\/Schild-Welland-Park-Academy-k-800x450.jpg 800w\" sizes=\"(max-width: 1440px) 100vw, 1440px\" \/><\/p>\n<p>Unser Austausch mit der Welland Park Academy existiert seit 2017. Die Partnerschule befindet sich in Market Harborough, Leicestershire, im Dreieck Birmingham, London, Cambridge und ist damit f\u00fcr diverse Ausfl\u00fcge perfekt gelegen. Mit etwa 800 Sch\u00fclern ist sie von der Gr\u00f6\u00dfe her vergleichbar mit dem RWG.<br \/>\nHier der Link zu unserer Partnerschule: <a href=\"https:\/\/www.wellandparkacademy.co.uk\/\" rel=\"noopener\" target=\"_blank\">https:\/\/www.wellandparkacademy.co.uk\/<\/a><\/p>\n<p>In der Woche vor den Osterferien entsenden wir eine Delegation deutscher Sch\u00fcler, etwa im Zeitraum Juni \/ Juli empfangen dann die RWG-Sch\u00fcler ihre Austauschpartner.<\/p>\n<p>Wir sind immer wieder aufs Neue von der Gastfreundschaft der englischen Lehrer, Gasteltern und Sch\u00fcler begeistert. Genauso empfindet die englische Seite, so dass bereits einige enge Freundschaften, die auch nach dem Austausch noch Bestand haben, entstanden sind. So wird die Fremdsprache lebendig und das Verstehen einer anderen Kultur gef\u00f6rdert!<\/p>\n<h2>Austauschberichte:<\/h2>\n<div class=\"rwg_post_list\"><article id=\"post-38666\"class=\"cf post-38666 post type-post status-publish format-standard has-post-thumbnail hentry category-allgemein tag-austausch tag-englisch tag-home\">\n \t\t<div class=\"entry-thumbnail fadein\"> \t\t\t<a href=\"https:\/\/www.rwg-bayreuth.de\/home\/?p=38666\"><img loading=\"lazy\" decoding=\"async\" width=\"1024\" height=\"683\" src=\"https:\/\/www.rwg-bayreuth.de\/home\/wp-content\/uploads\/2025\/05\/24-25-Englandaustausch-B.jpg\" class=\"attachment-post-thumbnail size-post-thumbnail wp-post-image\" alt=\"\" srcset=\"https:\/\/www.rwg-bayreuth.de\/home\/wp-content\/uploads\/2025\/05\/24-25-Englandaustausch-B.jpg 1024w, https:\/\/www.rwg-bayreuth.de\/home\/wp-content\/uploads\/2025\/05\/24-25-Englandaustausch-B-150x100.jpg 150w, https:\/\/www.rwg-bayreuth.de\/home\/wp-content\/uploads\/2025\/05\/24-25-Englandaustausch-B-450x300.jpg 450w, https:\/\/www.rwg-bayreuth.de\/home\/wp-content\/uploads\/2025\/05\/24-25-Englandaustausch-B-768x512.jpg 768w, https:\/\/www.rwg-bayreuth.de\/home\/wp-content\/uploads\/2025\/05\/24-25-Englandaustausch-B-250x167.jpg 250w, https:\/\/www.rwg-bayreuth.de\/home\/wp-content\/uploads\/2025\/05\/24-25-Englandaustausch-B-900x600.jpg 900w\" sizes=\"(max-width: 1024px) 100vw, 1024px\" \/><\/a> \t\t<\/div><!-- end .entry-thumbnail -->\n<div class=\"meta-main-wrap\">\n  <div class=\"\">\n    <header class=\"entry-header\">\n      <div class=\"entry-cats\">\n        <div class=\"kategorie\"><a href=\"https:\/\/www.rwg-bayreuth.de\/home\/?cat=1\" rel=\"category\">Schulleben<\/a><\/div>\n<div class=\"entry-edit\" >      <div class=\"entry-date\" >\n        <a href=\"https:\/\/www.rwg-bayreuth.de\/home\/?p=38666\">13. April 2025<\/a>\n      <\/div><\/div><!-- end .entry-date -->\n      <\/div><!-- end .entry-cats -->\n<h2 class=\"entry-title\"><a href=\"https:\/\/www.rwg-bayreuth.de\/home\/?p=38666\" rel=\"bookmark\">England erleben \u2013 Austausch mit der Welland Park Academy in Market Harborough<\/a><\/h2>\n    <\/header><!-- end .entry-header -->\n    <div class=\"entry-summary\">\nVom 3. bis 11. April 2025 machten sich 14 Sch\u00fclerinnen und Sch\u00fcler der 8. Jahrgangsstufe auf den Weg nach Market Harborough in England \u2013 bereit f\u00fcr neue Erfahrungen, spannende Begegnungen und jede Menge Englisch im echten Leben. \u00a0Im Rahmen unseres diesj\u00e4hrigen Austauschs mit der Welland Park Academy in Market Harborough reisten sie nach Mittelengland, um&hellip;\n  <\/div><!-- .entry-summary -->\n  <\/div><!-- .entry-main -->\n<\/div><!-- .meta-main-wrap -->\n<\/article><!-- end post -38666 -->\n<article id=\"post-36241\"class=\"cf post-36241 post type-post status-publish format-standard has-post-thumbnail hentry category-allgemein tag-austausch tag-englisch tag-home\">\n \t\t<div class=\"entry-thumbnail fadein\"> \t\t\t<a href=\"https:\/\/www.rwg-bayreuth.de\/home\/?p=36241\"><img loading=\"lazy\" decoding=\"async\" width=\"967\" height=\"645\" src=\"https:\/\/www.rwg-bayreuth.de\/home\/wp-content\/uploads\/2024\/04\/23-24-Englandaustausch-B.jpg\" class=\"attachment-post-thumbnail size-post-thumbnail wp-post-image\" alt=\"\" srcset=\"https:\/\/www.rwg-bayreuth.de\/home\/wp-content\/uploads\/2024\/04\/23-24-Englandaustausch-B.jpg 967w, https:\/\/www.rwg-bayreuth.de\/home\/wp-content\/uploads\/2024\/04\/23-24-Englandaustausch-B-150x100.jpg 150w, https:\/\/www.rwg-bayreuth.de\/home\/wp-content\/uploads\/2024\/04\/23-24-Englandaustausch-B-450x300.jpg 450w, https:\/\/www.rwg-bayreuth.de\/home\/wp-content\/uploads\/2024\/04\/23-24-Englandaustausch-B-768x512.jpg 768w, https:\/\/www.rwg-bayreuth.de\/home\/wp-content\/uploads\/2024\/04\/23-24-Englandaustausch-B-250x167.jpg 250w, https:\/\/www.rwg-bayreuth.de\/home\/wp-content\/uploads\/2024\/04\/23-24-Englandaustausch-B-900x600.jpg 900w\" sizes=\"(max-width: 967px) 100vw, 967px\" \/><\/a> \t\t<\/div><!-- end .entry-thumbnail -->\n<div class=\"meta-main-wrap\">\n  <div class=\"\">\n    <header class=\"entry-header\">\n      <div class=\"entry-cats\">\n        <div class=\"kategorie\"><a href=\"https:\/\/www.rwg-bayreuth.de\/home\/?cat=1\" rel=\"category\">Schulleben<\/a><\/div>\n<div class=\"entry-edit\" >      <div class=\"entry-date\" >\n        <a href=\"https:\/\/www.rwg-bayreuth.de\/home\/?p=36241\">11. April 2024<\/a>\n      <\/div><\/div><!-- end .entry-date -->\n      <\/div><!-- end .entry-cats -->\n<h2 class=\"entry-title\"><a href=\"https:\/\/www.rwg-bayreuth.de\/home\/?p=36241\" rel=\"bookmark\">Market Harborough, England<\/a><\/h2>\n    <\/header><!-- end .entry-header -->\n    <div class=\"entry-summary\">\nSch\u00f6n \u2013 aufregend \u2013 unvergesslich \u2013 ereignisreich \u2013 fantastisch \u2013 unglaublich \u2013 einzigartig \u2013 erlebnisreich \u2013 atemberaubend \u2013 kurz \u2013 gro\u00dfartig \u2013 aufregend \u2013 toll So k\u00f6nnen wir unseren Schulaustausch mit der Welland Park Academy und unsere Zeit in Market Harborough in nur einem Wort beschreiben. Warum? Das erfahrt ihr hier: Donnerstag, 14.03.2024 \u2013 Anreise&hellip;\n  <\/div><!-- .entry-summary -->\n  <\/div><!-- .entry-main -->\n<\/div><!-- .meta-main-wrap -->\n<\/article><!-- end post -36241 -->\n<article id=\"post-32357\"class=\"cf post-32357 post type-post status-publish format-standard has-post-thumbnail hentry category-allgemein tag-austausch tag-englisch tag-home\">\n \t\t<div class=\"entry-thumbnail fadein\"> \t\t\t<a href=\"https:\/\/www.rwg-bayreuth.de\/home\/?p=32357\"><img loading=\"lazy\" decoding=\"async\" width=\"1024\" height=\"683\" src=\"https:\/\/www.rwg-bayreuth.de\/home\/wp-content\/uploads\/2022\/11\/22-23-Englandaustausch-B.jpg\" class=\"attachment-post-thumbnail size-post-thumbnail wp-post-image\" alt=\"\" srcset=\"https:\/\/www.rwg-bayreuth.de\/home\/wp-content\/uploads\/2022\/11\/22-23-Englandaustausch-B.jpg 1024w, https:\/\/www.rwg-bayreuth.de\/home\/wp-content\/uploads\/2022\/11\/22-23-Englandaustausch-B-450x300.jpg 450w, https:\/\/www.rwg-bayreuth.de\/home\/wp-content\/uploads\/2022\/11\/22-23-Englandaustausch-B-150x100.jpg 150w, https:\/\/www.rwg-bayreuth.de\/home\/wp-content\/uploads\/2022\/11\/22-23-Englandaustausch-B-768x512.jpg 768w, https:\/\/www.rwg-bayreuth.de\/home\/wp-content\/uploads\/2022\/11\/22-23-Englandaustausch-B-250x167.jpg 250w, https:\/\/www.rwg-bayreuth.de\/home\/wp-content\/uploads\/2022\/11\/22-23-Englandaustausch-B-900x600.jpg 900w\" sizes=\"(max-width: 1024px) 100vw, 1024px\" \/><\/a> \t\t<\/div><!-- end .entry-thumbnail -->\n<div class=\"meta-main-wrap\">\n  <div class=\"\">\n    <header class=\"entry-header\">\n      <div class=\"entry-cats\">\n        <div class=\"kategorie\"><a href=\"https:\/\/www.rwg-bayreuth.de\/home\/?cat=1\" rel=\"category\">Schulleben<\/a><\/div>\n<div class=\"entry-edit\" >      <div class=\"entry-date\" >\n        <a href=\"https:\/\/www.rwg-bayreuth.de\/home\/?p=32357\">3. Oktober 2022<\/a>\n      <\/div><\/div><!-- end .entry-date -->\n      <\/div><!-- end .entry-cats -->\n<h2 class=\"entry-title\"><a href=\"https:\/\/www.rwg-bayreuth.de\/home\/?p=32357\" rel=\"bookmark\">Market Harborough \u2013 Here we come!<\/a><\/h2>\n    <\/header><!-- end .entry-header -->\n    <div class=\"entry-summary\">\nNach einer zweij\u00e4hrigen Corona-Zwangspause war es Ende September nun so weit: Wir konnten unseren Englandaustausch wieder aufleben lassen. So machten sich am 22.09.22 elf Sch\u00fclerInnen der achten Klassen auf die Reise nach Market Harborough, um eine spannende und erlebnisreiche Woche zu verbringen. Donnerstag, 22.09.22 Anreise und Kennenlernen der AustauschpartnerInnen F\u00fcr uns alle begann der Tag&hellip;\n  <\/div><!-- .entry-summary -->\n  <\/div><!-- .entry-main -->\n<\/div><!-- .meta-main-wrap -->\n<\/article><!-- end post -32357 -->\n<article id=\"post-22724\"class=\"cf post-22724 post type-post status-publish format-standard has-post-thumbnail hentry category-allgemein tag-austausch tag-englisch tag-home tag-nichtfahrt\">\n \t\t<div class=\"entry-thumbnail fadein\"> \t\t\t<a href=\"https:\/\/www.rwg-bayreuth.de\/home\/?p=22724\"><img loading=\"lazy\" decoding=\"async\" width=\"1024\" height=\"682\" src=\"https:\/\/www.rwg-bayreuth.de\/home\/wp-content\/uploads\/2019\/10\/Market-Harborough-grammar-school-B.jpg\" class=\"attachment-post-thumbnail size-post-thumbnail wp-post-image\" alt=\"\" srcset=\"https:\/\/www.rwg-bayreuth.de\/home\/wp-content\/uploads\/2019\/10\/Market-Harborough-grammar-school-B.jpg 1024w, https:\/\/www.rwg-bayreuth.de\/home\/wp-content\/uploads\/2019\/10\/Market-Harborough-grammar-school-B-450x300.jpg 450w, https:\/\/www.rwg-bayreuth.de\/home\/wp-content\/uploads\/2019\/10\/Market-Harborough-grammar-school-B-768x512.jpg 768w, https:\/\/www.rwg-bayreuth.de\/home\/wp-content\/uploads\/2019\/10\/Market-Harborough-grammar-school-B-250x167.jpg 250w, https:\/\/www.rwg-bayreuth.de\/home\/wp-content\/uploads\/2019\/10\/Market-Harborough-grammar-school-B-900x600.jpg 900w\" sizes=\"(max-width: 1024px) 100vw, 1024px\" \/><\/a> \t\t<\/div><!-- end .entry-thumbnail -->\n<div class=\"meta-main-wrap\">\n  <div class=\"\">\n    <header class=\"entry-header\">\n      <div class=\"entry-cats\">\n        <div class=\"kategorie\"><a href=\"https:\/\/www.rwg-bayreuth.de\/home\/?cat=1\" rel=\"category\">Schulleben<\/a><\/div>\n<div class=\"entry-edit\" >      <div class=\"entry-date\" >\n        <a href=\"https:\/\/www.rwg-bayreuth.de\/home\/?p=22724\">16. Oktober 2019<\/a>\n      <\/div><\/div><!-- end .entry-date -->\n      <\/div><!-- end .entry-cats -->\n<h2 class=\"entry-title\"><a href=\"https:\/\/www.rwg-bayreuth.de\/home\/?p=22724\" rel=\"bookmark\">Market Harborough zur lebenswertesten Stadt Englands gek\u00fcrt<\/a><\/h2>\n    <\/header><!-- end .entry-header -->\n    <div class=\"entry-summary\">\nSch\u00fcler und Lehrer des RWG, die schon am England-Austausch teilgenommen haben, wissen bereits seit Jahren, dass Market Harborough ein sch\u00f6nes St\u00e4dtchen mit viel Flair ist. Nun wurde die Stadt in den East Midlands, in der unsere Partnerschule Welland Park Academy beheimatet ist, auch offiziell zur \u201elebenswertesten Stadt Englands\u201c gek\u00fcrt. Besonders hervorgehoben werden die Einkaufsm\u00f6glichkeiten, die&hellip;\n  <\/div><!-- .entry-summary -->\n  <\/div><!-- .entry-main -->\n<\/div><!-- .meta-main-wrap -->\n<\/article><!-- end post -22724 -->\n<article id=\"post-21923\"class=\"cf post-21923 post type-post status-publish format-standard has-post-thumbnail hentry category-allgemein tag-austausch tag-englisch tag-home\">\n \t\t<div class=\"entry-thumbnail fadein\"> \t\t\t<a href=\"https:\/\/www.rwg-bayreuth.de\/home\/?p=21923\"><img loading=\"lazy\" decoding=\"async\" width=\"1024\" height=\"683\" src=\"https:\/\/www.rwg-bayreuth.de\/home\/wp-content\/uploads\/2019\/05\/18-19-Gruppenfoto-Kabine.jpg\" class=\"attachment-post-thumbnail size-post-thumbnail wp-post-image\" alt=\"\" srcset=\"https:\/\/www.rwg-bayreuth.de\/home\/wp-content\/uploads\/2019\/05\/18-19-Gruppenfoto-Kabine.jpg 1024w, https:\/\/www.rwg-bayreuth.de\/home\/wp-content\/uploads\/2019\/05\/18-19-Gruppenfoto-Kabine-450x300.jpg 450w, https:\/\/www.rwg-bayreuth.de\/home\/wp-content\/uploads\/2019\/05\/18-19-Gruppenfoto-Kabine-768x512.jpg 768w, https:\/\/www.rwg-bayreuth.de\/home\/wp-content\/uploads\/2019\/05\/18-19-Gruppenfoto-Kabine-250x167.jpg 250w\" sizes=\"(max-width: 1024px) 100vw, 1024px\" \/><\/a> \t\t<\/div><!-- end .entry-thumbnail -->\n<div class=\"meta-main-wrap\">\n  <div class=\"\">\n    <header class=\"entry-header\">\n      <div class=\"entry-cats\">\n        <div class=\"kategorie\"><a href=\"https:\/\/www.rwg-bayreuth.de\/home\/?cat=1\" rel=\"category\">Schulleben<\/a><\/div>\n<div class=\"entry-edit\" >      <div class=\"entry-date\" >\n        <a href=\"https:\/\/www.rwg-bayreuth.de\/home\/?p=21923\">24. Mai 2019<\/a>\n      <\/div><\/div><!-- end .entry-date -->\n      <\/div><!-- end .entry-cats -->\n<h2 class=\"entry-title\"><a href=\"https:\/\/www.rwg-bayreuth.de\/home\/?p=21923\" rel=\"bookmark\">Eine erlebnisreiche Austauschwoche in England<\/a><\/h2>\n    <\/header><!-- end .entry-header -->\n    <div class=\"entry-summary\">\n\u201eSchon\u201c zum dritten Mal brach auch in diesem Jahr wieder eine Delegation von deutschen Sch\u00fclern auf, um eine abwechslungsreiche, mit vielen Programmpunkten gespickte Woche mit ihren Austauschsch\u00fclern der Welland Park Academy zu verbringen. Am Donnerstag, 04.04.19 um 3.30 Uhr fuhren 15 Sch\u00fclerinnen und Sch\u00fcler vom Kreuzsteinbad mit dem Bus zum N\u00fcrnberger Flughafen. Das Einchecken und&hellip;\n  <\/div><!-- .entry-summary -->\n  <\/div><!-- .entry-main -->\n<\/div><!-- .meta-main-wrap -->\n<\/article><!-- end post -21923 -->\n<article id=\"post-19600\"class=\"cf post-19600 post type-post status-publish format-standard has-post-thumbnail hentry category-allgemein tag-austausch tag-englisch tag-home\">\n \t\t<div class=\"entry-thumbnail fadein\"> \t\t\t<a href=\"https:\/\/www.rwg-bayreuth.de\/home\/?p=19600\"><img loading=\"lazy\" decoding=\"async\" width=\"1440\" height=\"1080\" src=\"https:\/\/www.rwg-bayreuth.de\/home\/wp-content\/uploads\/2018\/09\/Gruppenfoto-Festpielhaus-k.jpg\" class=\"attachment-post-thumbnail size-post-thumbnail wp-post-image\" alt=\"\" srcset=\"https:\/\/www.rwg-bayreuth.de\/home\/wp-content\/uploads\/2018\/09\/Gruppenfoto-Festpielhaus-k.jpg 1440w, https:\/\/www.rwg-bayreuth.de\/home\/wp-content\/uploads\/2018\/09\/Gruppenfoto-Festpielhaus-k-450x338.jpg 450w, https:\/\/www.rwg-bayreuth.de\/home\/wp-content\/uploads\/2018\/09\/Gruppenfoto-Festpielhaus-k-768x576.jpg 768w, https:\/\/www.rwg-bayreuth.de\/home\/wp-content\/uploads\/2018\/09\/Gruppenfoto-Festpielhaus-k-1024x768.jpg 1024w, https:\/\/www.rwg-bayreuth.de\/home\/wp-content\/uploads\/2018\/09\/Gruppenfoto-Festpielhaus-k-250x188.jpg 250w\" sizes=\"(max-width: 1440px) 100vw, 1440px\" \/><\/a> \t\t<\/div><!-- end .entry-thumbnail -->\n<div class=\"meta-main-wrap\">\n  <div class=\"\">\n    <header class=\"entry-header\">\n      <div class=\"entry-cats\">\n        <div class=\"kategorie\"><a href=\"https:\/\/www.rwg-bayreuth.de\/home\/?cat=1\" rel=\"category\">Schulleben<\/a><\/div>\n<div class=\"entry-edit\" >      <div class=\"entry-date\" >\n        <a href=\"https:\/\/www.rwg-bayreuth.de\/home\/?p=19600\">20. September 2018<\/a>\n      <\/div><\/div><!-- end .entry-date -->\n      <\/div><!-- end .entry-cats -->\n<h2 class=\"entry-title\"><a href=\"https:\/\/www.rwg-bayreuth.de\/home\/?p=19600\" rel=\"bookmark\">WPA goes RWG \u2013 Klappe, die Zweite<\/a><\/h2>\n    <\/header><!-- end .entry-header -->\n    <div class=\"entry-summary\">\nEifriges Schnipseln von Gem\u00fcse, gesch\u00e4ftiges Anbraten von Hackfleisch, professionelles Abschmecken von Saucen und der Duft von frisch gebackenen Zimtschnecken, der durchs Schulhaus zog\u2026 alles deutliche Anzeichen daf\u00fcr, dass der gro\u00dfe Moment endlich gekommen ist: der Gegenbesuch der englischen Sch\u00fcler steht kurz bevor und daher wurde in der Schulk\u00fcche unter bew\u00e4hrter Anleitung von Frau Hupe das&hellip;\n  <\/div><!-- .entry-summary -->\n  <\/div><!-- .entry-main -->\n<\/div><!-- .meta-main-wrap -->\n<\/article><!-- end post -19600 -->\n<\/div><!-- end .rwg_post_list -->\n<div style=\"text-align: center; margin: 0px 0px 24px 0px; box-shadow: none \">\r\n<a class=\"RWGbutton-dunkel\" href=\"https:\/\/www.rwg-bayreuth.de\/home\/?page_id=1535\" target=\"_self\" rel=\u201dnoopener noreferrer\u201d style=\"display:block; width: auto; max-width: 100%; padding:5px 20px; text-align: center; \">Zur\u00fcck zur Fachschaftsseite Englisch<\/a><\/div>\n","protected":false},"excerpt":{"rendered":"<p>Unser Austausch mit der Welland Park Academy existiert seit 2017. Die Partnerschule befindet sich in Market Harborough, Leicestershire, im Dreieck Birmingham, London, Cambridge und ist damit f\u00fcr diverse Ausfl\u00fcge perfekt gelegen. Mit etwa 800 Sch\u00fclern ist sie von der Gr\u00f6\u00dfe her vergleichbar mit dem RWG. Hier der Link zu unserer Partnerschule: https:\/\/www.wellandparkacademy.co.uk\/ In der Woche&hellip;<\/p>\n","protected":false},"author":11,"featured_media":0,"parent":1535,"menu_order":0,"comment_status":"closed","ping_status":"closed","template":"page-templates\/no-sidebar.php","meta":{"footnotes":""},"tags":[54],"_links":{"self":[{"href":"https:\/\/www.rwg-bayreuth.de\/home\/index.php?rest_route=\/wp\/v2\/pages\/14887"}],"collection":[{"href":"https:\/\/www.rwg-bayreuth.de\/home\/index.php?rest_route=\/wp\/v2\/pages"}],"about":[{"href":"https:\/\/www.rwg-bayreuth.de\/home\/index.php?rest_route=\/wp\/v2\/types\/page"}],"author":[{"embeddable":true,"href":"https:\/\/www.rwg-bayreuth.de\/home\/index.php?rest_route=\/wp\/v2\/users\/11"}],"replies":[{"embeddable":true,"href":"https:\/\/www.rwg-bayreuth.de\/home\/index.php?rest_route=%2Fwp%2Fv2%2Fcomments&post=14887"}],"version-history":[{"count":14,"href":"https:\/\/www.rwg-bayreuth.de\/home\/index.php?rest_route=\/wp\/v2\/pages\/14887\/revisions"}],"predecessor-version":[{"id":38008,"href":"https:\/\/www.rwg-bayreuth.de\/home\/index.php?rest_route=\/wp\/v2\/pages\/14887\/revisions\/38008"}],"up":[{"embeddable":true,"href":"https:\/\/www.rwg-bayreuth.de\/home\/index.php?rest_route=\/wp\/v2\/pages\/1535"}],"wp:attachment":[{"href":"https:\/\/www.rwg-bayreuth.de\/home\/index.php?rest_route=%2Fwp%2Fv2%2Fmedia&parent=14887"}],"wp:term":[{"taxonomy":"post_tag","embeddable":true,"href":"https:\/\/www.rwg-bayreuth.de\/home\/index.php?rest_route=%2Fwp%2Fv2%2Ftags&post=14887"}],"curies":[{"name":"wp","href":"https:\/\/api.w.org\/{rel}","templated":true}]}}