{"id":146,"date":"2012-01-17T20:36:38","date_gmt":"2012-01-17T19:36:38","guid":{"rendered":"http:\/\/www.rwg-bayreuth.de\/home\/?page_id=146"},"modified":"2026-02-24T09:50:55","modified_gmt":"2026-02-24T08:50:55","slug":"schulleitung","status":"publish","type":"page","link":"https:\/\/www.rwg-bayreuth.de\/home\/?page_id=146","title":{"rendered":"Schulleitung"},"content":{"rendered":"<div id=\"attachment_34832\" style=\"width: 2570px\" class=\"wp-caption aligncenter\"><a href=\"https:\/\/www.rwg-bayreuth.de\/home\/wp-content\/uploads\/2023\/10\/Schulleitung-RWG-scaled.jpg\"><img decoding=\"async\" aria-describedby=\"caption-attachment-34832\" src=\"https:\/\/www.rwg-bayreuth.de\/home\/wp-content\/uploads\/2023\/10\/Schulleitung-RWG-scaled.jpg\" alt=\"\" width=\"100%\" height=\"auto\" class=\"size-full wp-image-34832\" srcset=\"https:\/\/www.rwg-bayreuth.de\/home\/wp-content\/uploads\/2023\/10\/Schulleitung-RWG-scaled.jpg 2560w, https:\/\/www.rwg-bayreuth.de\/home\/wp-content\/uploads\/2023\/10\/Schulleitung-RWG-450x282.jpg 450w, https:\/\/www.rwg-bayreuth.de\/home\/wp-content\/uploads\/2023\/10\/Schulleitung-RWG-1024x642.jpg 1024w, https:\/\/www.rwg-bayreuth.de\/home\/wp-content\/uploads\/2023\/10\/Schulleitung-RWG-150x94.jpg 150w, https:\/\/www.rwg-bayreuth.de\/home\/wp-content\/uploads\/2023\/10\/Schulleitung-RWG-768x481.jpg 768w, https:\/\/www.rwg-bayreuth.de\/home\/wp-content\/uploads\/2023\/10\/Schulleitung-RWG-1536x962.jpg 1536w, https:\/\/www.rwg-bayreuth.de\/home\/wp-content\/uploads\/2023\/10\/Schulleitung-RWG-2048x1283.jpg 2048w, https:\/\/www.rwg-bayreuth.de\/home\/wp-content\/uploads\/2023\/10\/Schulleitung-RWG-250x157.jpg 250w\" sizes=\"(max-width: 2560px) 100vw, 2560px\" \/><\/a><p id=\"caption-attachment-34832\" class=\"wp-caption-text\">(von links) OStR Markus Bauer, OStDin Ursula Graf, StDin Sabine Fr\u00f6ber, StD Christian Str\u00f6hla, OStRin Katja Schmidt, StD Tim Proetel, StD Wolfgang Mehl<\/p><\/div>\n<h5>Schulleiterin<\/h5>\n<h6><big>Ursula Graf<\/big><\/h6>\n<h6 style=\"margin-bottom: 10px\">Oberstudiendirektorin<\/h6>\n<p>Frau Graf leitet die Schule seit dem Schuljahr 2012\/13. Eine ihrer Hauptaufgaben ist die Initiierung von Schul&shy;entwicklungs&shy;prozessen mit dem Ziel, jedem Sch\u00fcler und jeder Sch\u00fclerin die best&shy;m\u00f6gliche, den aktuellen Anforder&shy;nissen entsprechende gymnasiale Bildung zu erm\u00f6glichen. Frau Graf vertritt die Schule nach au\u00dfen. Als Seminarvorstand ist sie f\u00fcr die Ausbildung der Studien&shy;referen&shy;dare u. -referen&shy;darinnen zust\u00e4ndig.<br \/>\nFrau Graf ist Lehrerin f\u00fcr Mathematik und Physik.<br \/>\n<!--Mail: graf(at)rwg-bayreuth.de--><\/p>\n<h5>Stellvertretender Schulleiter<\/h5>\n<h6><big>Christian Str\u00f6hla<\/big><\/h6>\n<h6 style=\"margin-bottom: 10px\">Studiendirektor<\/h6>\n<p>Herr Str\u00f6hla ist der St\u00e4ndige Stellvertreter der Schulleiterin am RWG. Er ist f\u00fcr alle Sch\u00fclerangelegenheiten und -anliegen zust\u00e4ndig. Dar\u00fcber hinaus liegen Unterrichtsverteilung (asv) und Klassenbildung in seinen H\u00e4nden.<br \/>\nHerr Str\u00f6hla unterrichtet die F\u00e4cher Deutsch und Sport.<br \/>\n<!--Mail: stroehla(at)rwg-bayreuth.de--><\/p>\n<h5>Mitarbeiterin in der Schulleitung<\/h5>\n<h6><big>Sabine Fr\u00f6ber<\/big><\/h6>\n<h6 style=\"margin-bottom: 10px\">Studiendirektorin<\/h6>\n<p>Frau Fr\u00f6ber ist f\u00fcr alle Angelegenheiten des Hauses (z.\u00a0B. Raumplanung) und die Finanzen verantwortlich.<br \/>\nFrau Fr\u00f6ber unterrichtet die F\u00e4cher Biologie, Chemie und Natur und Technik.<br \/>\n<!--Mail: froeber(at)rwg-bayreuth.de--><\/p>\n<h5>Erweiterte Schulleitung<\/h5>\n<h6><big>Markus Bauer<\/big><\/h6>\n<h6 style=\"margin-bottom: 10px\">Oberstudienrat<\/h6>\n<p>Herr Bauer ist zust\u00e4ndig f\u00fcr die \u00d6ffent&shy;lichkeits&shy;arbeit, die Koordinierung von Jahresbericht und Homepage sowie f\u00fcr die Organisation von Aktions- und Infotag. Als Unterstufenbetreuer ist er verantwortlich f\u00fcr das p\u00e4dagogische KOMPASS-Programm in der Unterstufe sowie die Fahrten und die Betreuung der Tutoren. Er unterrichtet die F\u00e4cher Deutsch und Sport.<\/p>\n<h6><big>Wolfgang Mehl<\/big><\/h6>\n<h6 style=\"margin-bottom: 10px\">Studiendirektor<\/h6>\n<p>Herr Mehl ist verant&shy;wortlich f\u00fcr den Stunden- und Vertretungsplan. Er ist Fachschafts&shy;leiter f\u00fcr Physik und Sammlungs&shy;leiter f\u00fcr Physik sowie Natur und Technik. Au\u00dferdem unter&shy;richtet er das Fach Mathematik.<\/p>\n<h6><big>Katja Schmidt<\/big><\/h6>\n<h6 style=\"margin-bottom: 10px\">Oberstudienr\u00e4tin<\/h6>\n<p>Frau Schmidt ist zust\u00e4ndig f\u00fcr das Eltern- und Infoportal sowie f\u00fcr die Organisation der Eltern&shy;sprechtage. Zus\u00e4tzlich f\u00e4llt die Organisation von Aktions- und Infor&shy;mations&shy;tag in ihren Bereich. Die Ober&shy;stufen&shy;koordinatorin gibt die F\u00e4cher Sport und Wirtschaft\/Recht.<\/p>\n<p><!--\n\n<h5>Sekretariat<\/h5>\n\n\nFrau Rauscher, Frau Riegel, Frau Rost\nMail: verwaltung(at)rwg-bayreuth.de--><\/p>\n<ul class=\"linkliste\">\n<li class=\"top\"><a href=\"https:\/\/riwagybay.eltern-portal.org\/\" title=\"Eltern-Portal\">Kontakt \u00fcber Eltern-Portal<\/a><\/li>\n<li><a href=\"https:\/\/www.rwg-bayreuth.de\/home\/?page_id=14021\">Allgemeine Kontaktdaten<\/a><\/li>\n<\/ul>\n<h6><\/h6>\n","protected":false},"excerpt":{"rendered":"<p>Schulleiterin Ursula Graf Oberstudiendirektorin Frau Graf leitet die Schule seit dem Schuljahr 2012\/13. Eine ihrer Hauptaufgaben ist die Initiierung von Schul&shy;entwicklungs&shy;prozessen mit dem Ziel, jedem Sch\u00fcler und jeder Sch\u00fclerin die best&shy;m\u00f6gliche, den aktuellen Anforder&shy;nissen entsprechende gymnasiale Bildung zu erm\u00f6glichen. Frau Graf vertritt die Schule nach au\u00dfen. Als Seminarvorstand ist sie f\u00fcr die Ausbildung der Studien&shy;referen&shy;dare&hellip;<\/p>\n","protected":false},"author":1,"featured_media":0,"parent":2,"menu_order":10,"comment_status":"closed","ping_status":"open","template":"page-templates\/no-sidebar.php","meta":{"footnotes":""},"tags":[],"_links":{"self":[{"href":"https:\/\/www.rwg-bayreuth.de\/home\/index.php?rest_route=\/wp\/v2\/pages\/146"}],"collection":[{"href":"https:\/\/www.rwg-bayreuth.de\/home\/index.php?rest_route=\/wp\/v2\/pages"}],"about":[{"href":"https:\/\/www.rwg-bayreuth.de\/home\/index.php?rest_route=\/wp\/v2\/types\/page"}],"author":[{"embeddable":true,"href":"https:\/\/www.rwg-bayreuth.de\/home\/index.php?rest_route=\/wp\/v2\/users\/1"}],"replies":[{"embeddable":true,"href":"https:\/\/www.rwg-bayreuth.de\/home\/index.php?rest_route=%2Fwp%2Fv2%2Fcomments&post=146"}],"version-history":[{"count":47,"href":"https:\/\/www.rwg-bayreuth.de\/home\/index.php?rest_route=\/wp\/v2\/pages\/146\/revisions"}],"predecessor-version":[{"id":40890,"href":"https:\/\/www.rwg-bayreuth.de\/home\/index.php?rest_route=\/wp\/v2\/pages\/146\/revisions\/40890"}],"up":[{"embeddable":true,"href":"https:\/\/www.rwg-bayreuth.de\/home\/index.php?rest_route=\/wp\/v2\/pages\/2"}],"wp:attachment":[{"href":"https:\/\/www.rwg-bayreuth.de\/home\/index.php?rest_route=%2Fwp%2Fv2%2Fmedia&parent=146"}],"wp:term":[{"taxonomy":"post_tag","embeddable":true,"href":"https:\/\/www.rwg-bayreuth.de\/home\/index.php?rest_route=%2Fwp%2Fv2%2Ftags&post=146"}],"curies":[{"name":"wp","href":"https:\/\/api.w.org\/{rel}","templated":true}]}}