{"id":14349,"date":"2015-03-15T14:31:53","date_gmt":"2015-03-15T13:31:53","guid":{"rendered":"http:\/\/www.rwg-bayreuth.de\/home\/?p=14349"},"modified":"2023-09-28T21:33:38","modified_gmt":"2023-09-28T19:33:38","slug":"reit-ag","status":"publish","type":"page","link":"https:\/\/www.rwg-bayreuth.de\/home\/?page_id=14349","title":{"rendered":"Reit-AG"},"content":{"rendered":"<p><a href=\"https:\/\/www.rwg-bayreuth.de\/home\/wp-content\/uploads\/2014\/03\/IMG-20161211-WA0012.jpg\"><img loading=\"lazy\" decoding=\"async\" src=\"https:\/\/www.rwg-bayreuth.de\/home\/wp-content\/uploads\/2014\/03\/IMG-20161211-WA0012-1024x683.jpg\" alt=\"\" width=\"450\" height=\"300\" class=\"aligncenter size-large wp-image-14353\" srcset=\"https:\/\/www.rwg-bayreuth.de\/home\/wp-content\/uploads\/2014\/03\/IMG-20161211-WA0012-1024x683.jpg 1024w, https:\/\/www.rwg-bayreuth.de\/home\/wp-content\/uploads\/2014\/03\/IMG-20161211-WA0012-150x100.jpg 150w, https:\/\/www.rwg-bayreuth.de\/home\/wp-content\/uploads\/2014\/03\/IMG-20161211-WA0012-450x300.jpg 450w, https:\/\/www.rwg-bayreuth.de\/home\/wp-content\/uploads\/2014\/03\/IMG-20161211-WA0012-768x512.jpg 768w, https:\/\/www.rwg-bayreuth.de\/home\/wp-content\/uploads\/2014\/03\/IMG-20161211-WA0012-250x167.jpg 250w, https:\/\/www.rwg-bayreuth.de\/home\/wp-content\/uploads\/2014\/03\/IMG-20161211-WA0012-900x600.jpg 900w, https:\/\/www.rwg-bayreuth.de\/home\/wp-content\/uploads\/2014\/03\/IMG-20161211-WA0012.jpg 1600w\" sizes=\"(max-width: 450px) 100vw, 450px\" \/><\/a><\/p>\n<p>Seit 2009 gibt es am RWG eine Reit-AG. Diese findet seit 2015 im Reitstall Eisenmann in F\u00fcrsetz\/Karolinenh\u00f6he statt. Alle Teilnehmer treffen sich freitags von 14 bis 16 Uhr auf der Reitanlage. Neben der Pferdepflege wird Gruppenunterricht auf den 16 zur Verf\u00fcgung stehenden Ponys und Pferden erteilt. <a href=\"https:\/\/www.rwg-bayreuth.de\/home\/wp-content\/uploads\/2014\/03\/IMG-20160724-WA0017.jpg\"><img loading=\"lazy\" decoding=\"async\" src=\"https:\/\/www.rwg-bayreuth.de\/home\/wp-content\/uploads\/2014\/03\/IMG-20160724-WA0017-1024x576.jpg\" alt=\"\" width=\"450\" height=\"253\" class=\"alignright size-large wp-image-14352\" srcset=\"https:\/\/www.rwg-bayreuth.de\/home\/wp-content\/uploads\/2014\/03\/IMG-20160724-WA0017-1024x576.jpg 1024w, https:\/\/www.rwg-bayreuth.de\/home\/wp-content\/uploads\/2014\/03\/IMG-20160724-WA0017-150x84.jpg 150w, https:\/\/www.rwg-bayreuth.de\/home\/wp-content\/uploads\/2014\/03\/IMG-20160724-WA0017-450x253.jpg 450w, https:\/\/www.rwg-bayreuth.de\/home\/wp-content\/uploads\/2014\/03\/IMG-20160724-WA0017-768x432.jpg 768w, https:\/\/www.rwg-bayreuth.de\/home\/wp-content\/uploads\/2014\/03\/IMG-20160724-WA0017-250x141.jpg 250w, https:\/\/www.rwg-bayreuth.de\/home\/wp-content\/uploads\/2014\/03\/IMG-20160724-WA0017-1260x709.jpg 1260w, https:\/\/www.rwg-bayreuth.de\/home\/wp-content\/uploads\/2014\/03\/IMG-20160724-WA0017-800x450.jpg 800w, https:\/\/www.rwg-bayreuth.de\/home\/wp-content\/uploads\/2014\/03\/IMG-20160724-WA0017.jpg 1600w\" sizes=\"(max-width: 450px) 100vw, 450px\" \/><\/a>Besondere Highlights sind jedes Jahr das Sommerfest und Weihnachsreiten sowie das Zeltlager zu Beginn der gro\u00dfen Ferien. Hinzu kommen noch weitere wechselnde Aktivit\u00e4ten rund ums Pferd wie z.&nbsp;B. Erstehilfekurse f\u00fcr Reiter und Pferd.<\/p>\n<p>Vorkenntnisse beim Reiten sind nicht erforderlich aber auch fortgeschrittene Reiter werden entsprechend gef\u00f6rdert.<\/p>\n","protected":false},"excerpt":{"rendered":"<p>Seit 2009 gibt es am RWG eine Reit-AG. Diese findet seit 2015 im Reitstall Eisenmann in F\u00fcrsetz\/Karolinenh\u00f6he statt. Alle Teilnehmer treffen sich freitags von 14 bis 16 Uhr auf der Reitanlage. Neben der Pferdepflege wird Gruppenunterricht auf den 16 zur Verf\u00fcgung stehenden Ponys und Pferden erteilt. Besondere Highlights sind jedes Jahr das Sommerfest und Weihnachsreiten&hellip;<\/p>\n","protected":false},"author":11,"featured_media":0,"parent":14662,"menu_order":0,"comment_status":"closed","ping_status":"closed","template":"page-templates\/no-sidebar.php","meta":{"footnotes":""},"tags":[],"_links":{"self":[{"href":"https:\/\/www.rwg-bayreuth.de\/home\/index.php?rest_route=\/wp\/v2\/pages\/14349"}],"collection":[{"href":"https:\/\/www.rwg-bayreuth.de\/home\/index.php?rest_route=\/wp\/v2\/pages"}],"about":[{"href":"https:\/\/www.rwg-bayreuth.de\/home\/index.php?rest_route=\/wp\/v2\/types\/page"}],"author":[{"embeddable":true,"href":"https:\/\/www.rwg-bayreuth.de\/home\/index.php?rest_route=\/wp\/v2\/users\/11"}],"replies":[{"embeddable":true,"href":"https:\/\/www.rwg-bayreuth.de\/home\/index.php?rest_route=%2Fwp%2Fv2%2Fcomments&post=14349"}],"version-history":[{"count":8,"href":"https:\/\/www.rwg-bayreuth.de\/home\/index.php?rest_route=\/wp\/v2\/pages\/14349\/revisions"}],"predecessor-version":[{"id":18128,"href":"https:\/\/www.rwg-bayreuth.de\/home\/index.php?rest_route=\/wp\/v2\/pages\/14349\/revisions\/18128"}],"up":[{"embeddable":true,"href":"https:\/\/www.rwg-bayreuth.de\/home\/index.php?rest_route=\/wp\/v2\/pages\/14662"}],"wp:attachment":[{"href":"https:\/\/www.rwg-bayreuth.de\/home\/index.php?rest_route=%2Fwp%2Fv2%2Fmedia&parent=14349"}],"wp:term":[{"taxonomy":"post_tag","embeddable":true,"href":"https:\/\/www.rwg-bayreuth.de\/home\/index.php?rest_route=%2Fwp%2Fv2%2Ftags&post=14349"}],"curies":[{"name":"wp","href":"https:\/\/api.w.org\/{rel}","templated":true}]}}