{"id":141,"date":"2012-01-17T20:34:33","date_gmt":"2012-01-17T19:34:33","guid":{"rendered":"http:\/\/www.rwg-bayreuth.de\/home\/?page_id=141"},"modified":"2024-07-28T11:20:48","modified_gmt":"2024-07-28T09:20:48","slug":"schreib-ag","status":"publish","type":"page","link":"https:\/\/www.rwg-bayreuth.de\/home\/?page_id=141","title":{"rendered":"Sch\u00fclerzeitung"},"content":{"rendered":"<p><img decoding=\"async\" src=\"https:\/\/www.rwg-bayreuth.de\/home\/wp-content\/uploads\/2024\/04\/Schuelerzeitung-Seite-450x150.jpg\" alt=\"\" width=\"100%\" height=\"auto\" class=\"aligncenter size-medium wp-image-36272\" srcset=\"https:\/\/www.rwg-bayreuth.de\/home\/wp-content\/uploads\/2024\/04\/Schuelerzeitung-Seite-450x150.jpg 450w, https:\/\/www.rwg-bayreuth.de\/home\/wp-content\/uploads\/2024\/04\/Schuelerzeitung-Seite-150x50.jpg 150w, https:\/\/www.rwg-bayreuth.de\/home\/wp-content\/uploads\/2024\/04\/Schuelerzeitung-Seite-768x256.jpg 768w, https:\/\/www.rwg-bayreuth.de\/home\/wp-content\/uploads\/2024\/04\/Schuelerzeitung-Seite-1024x341.jpg 1024w, https:\/\/www.rwg-bayreuth.de\/home\/wp-content\/uploads\/2024\/04\/Schuelerzeitung-Seite-250x83.jpg 250w, https:\/\/www.rwg-bayreuth.de\/home\/wp-content\/uploads\/2024\/04\/Schuelerzeitung-Seite.jpg 1536w\" sizes=\"(max-width: 450px) 100vw, 450px\" \/><\/p>\n<h2>Namenlos, aber motiviert \u2013 <\/h2>\n<h4>Die Sch\u00fclerzeitung startet durch, mit einem neuen Gesicht<\/h4>\n<p><a href=\"https:\/\/www.rwg-bayreuth.de\/home\/wp-content\/uploads\/2024\/04\/23-24-Schuelerzeitung-Gesicht_SchZ.jpg\"><img decoding=\"async\" src=\"https:\/\/www.rwg-bayreuth.de\/home\/wp-content\/uploads\/2024\/04\/23-24-Schuelerzeitung-Gesicht_SchZ-813x1024.jpg\" alt=\"\" width=\"30%\" height=\"auto\" class=\"alignright size-large wp-image-36273\" srcset=\"https:\/\/www.rwg-bayreuth.de\/home\/wp-content\/uploads\/2024\/04\/23-24-Schuelerzeitung-Gesicht_SchZ-813x1024.jpg 813w, https:\/\/www.rwg-bayreuth.de\/home\/wp-content\/uploads\/2024\/04\/23-24-Schuelerzeitung-Gesicht_SchZ-119x150.jpg 119w, https:\/\/www.rwg-bayreuth.de\/home\/wp-content\/uploads\/2024\/04\/23-24-Schuelerzeitung-Gesicht_SchZ-357x450.jpg 357w, https:\/\/www.rwg-bayreuth.de\/home\/wp-content\/uploads\/2024\/04\/23-24-Schuelerzeitung-Gesicht_SchZ-768x968.jpg 768w, https:\/\/www.rwg-bayreuth.de\/home\/wp-content\/uploads\/2024\/04\/23-24-Schuelerzeitung-Gesicht_SchZ-250x315.jpg 250w, https:\/\/www.rwg-bayreuth.de\/home\/wp-content\/uploads\/2024\/04\/23-24-Schuelerzeitung-Gesicht_SchZ.jpg 1084w\" sizes=\"(max-width: 813px) 100vw, 813px\" \/><\/a>Hallo, Welt! Oder besser gesagt: Hallo RWG!<br \/>\nWir \u2013 eine kleine und junge Gruppe von Nachwuchsreportern \u2013 haben es uns zur Aufgabe gemacht, der seit l\u00e4ngerem verschwundenen Sch\u00fclerzeitung neues Leben einzuhauchen. Unter dem momentanen Arbeitstitel NAMELESSdotORG (obwohl wir diesen Nicht-Namen eigentlich bereits ziemlich cool und als Statement aussagekr\u00e4ftig finden) haben wir Lust, ein tolles Projekt zu starten und euch zu unterhalten, euch die Schule n\u00e4her zu bringen und euch nat\u00fcrlich \u00fcber sie zu informieren, und zwar mit unseren sorgf\u00e4ltig recherchierten, spannenden, au\u00dfergew\u00f6hnlichen, exquisiten und teilweise humorvollen Berichten und Reportagen.<br \/>\nDoch damit es auch gelingt, sind wir auf eure Hilfe angewiesen.<br \/>\n<strong>Habt ihr Lust auf Klatsch und Tratsch? Interessiert ihr euch f\u00fcr ein bestimmtes Thema? Habt ihr lustige Lehrer-Sch\u00fcler-Spr\u00fcche aufgeschnappt? \u2013 LASST ES UNS WISSEN!!!<\/strong><br \/>\nDeshalb der dringende <strong>Aufruf an alle<\/strong>: Themen, Interessen und v.a. (unverf\u00e4nglicher) Gossip kann \u2013 anonym oder auch nicht \ud83d\ude09 \u2013 zun\u00e4chst mit dem Vermerk \u201eSch\u00fclerzeitung\u201c bei Fr. Babenko ins Fach gelegt werden.<br \/>\nWir freuen uns au\u00dferdem auf Unterst\u00fctzung im aktuellen Halbjahr mit Manpower bzw. Woman(oder divers\ud83d\ude09)power, nicht nur angehende Redakteure, auch Fotografen, Technikfreaks, Layouter oder schlichtweg Unterst\u00fctzer sind willkommen (Redaktionssitzungen finden dienstags ab 13:15 Uhr im Lesenden Klassenzimmer statt; Groupies und Mitglieder des Fanclubs treffen sich immer im Anschluss\u2026).<\/p>\n<div class=\"su-image-carousel  clear su-image-carousel-columns-3 su-image-carousel-has-spacing su-image-carousel-crop su-image-carousel-crop-4-3 su-image-carousel-has-lightbox su-image-carousel-has-outline su-image-carousel-slides-style-minimal su-image-carousel-controls-style-light su-image-carousel-align-center\" style=\"\" data-flickity-options='{\"groupCells\":true,\"cellSelector\":\".su-image-carousel-item\",\"adaptiveHeight\":false,\"cellAlign\":\"left\",\"prevNextButtons\":true,\"pageDots\":false,\"autoPlay\":4000,\"imagesLoaded\":true,\"contain\":true,\"selectedAttraction\":0.025000000000000001,\"friction\":0.28000000000000003}' id=\"su_image_carousel_69f3f37ff0141\"><div class=\"su-image-carousel-item\"><div class=\"su-image-carousel-item-content\"><a href=\"https:\/\/www.rwg-bayreuth.de\/home\/wp-content\/uploads\/2024\/04\/23-24-Schuelerzeitung-1.jpg\" data-caption=\"\"><img loading=\"lazy\" decoding=\"async\" width=\"1536\" height=\"2048\" src=\"https:\/\/www.rwg-bayreuth.de\/home\/wp-content\/uploads\/2024\/04\/23-24-Schuelerzeitung-1.jpg\" class=\"\" alt=\"\" srcset=\"https:\/\/www.rwg-bayreuth.de\/home\/wp-content\/uploads\/2024\/04\/23-24-Schuelerzeitung-1.jpg 1536w, https:\/\/www.rwg-bayreuth.de\/home\/wp-content\/uploads\/2024\/04\/23-24-Schuelerzeitung-1-1152x1536.jpg 1152w, https:\/\/www.rwg-bayreuth.de\/home\/wp-content\/uploads\/2024\/04\/23-24-Schuelerzeitung-1-113x150.jpg 113w, https:\/\/www.rwg-bayreuth.de\/home\/wp-content\/uploads\/2024\/04\/23-24-Schuelerzeitung-1-338x450.jpg 338w, https:\/\/www.rwg-bayreuth.de\/home\/wp-content\/uploads\/2024\/04\/23-24-Schuelerzeitung-1-768x1024.jpg 768w, https:\/\/www.rwg-bayreuth.de\/home\/wp-content\/uploads\/2024\/04\/23-24-Schuelerzeitung-1-250x333.jpg 250w\" sizes=\"(max-width: 1536px) 100vw, 1536px\" \/><\/a><\/div><\/div><div class=\"su-image-carousel-item\"><div class=\"su-image-carousel-item-content\"><a href=\"https:\/\/www.rwg-bayreuth.de\/home\/wp-content\/uploads\/2024\/04\/23-24-Schuelerzeitung-2.jpg\" data-caption=\"\"><img loading=\"lazy\" decoding=\"async\" width=\"2048\" height=\"1536\" src=\"https:\/\/www.rwg-bayreuth.de\/home\/wp-content\/uploads\/2024\/04\/23-24-Schuelerzeitung-2.jpg\" class=\"\" alt=\"\" srcset=\"https:\/\/www.rwg-bayreuth.de\/home\/wp-content\/uploads\/2024\/04\/23-24-Schuelerzeitung-2.jpg 2048w, https:\/\/www.rwg-bayreuth.de\/home\/wp-content\/uploads\/2024\/04\/23-24-Schuelerzeitung-2-1536x1152.jpg 1536w, https:\/\/www.rwg-bayreuth.de\/home\/wp-content\/uploads\/2024\/04\/23-24-Schuelerzeitung-2-150x113.jpg 150w, https:\/\/www.rwg-bayreuth.de\/home\/wp-content\/uploads\/2024\/04\/23-24-Schuelerzeitung-2-450x338.jpg 450w, https:\/\/www.rwg-bayreuth.de\/home\/wp-content\/uploads\/2024\/04\/23-24-Schuelerzeitung-2-768x576.jpg 768w, https:\/\/www.rwg-bayreuth.de\/home\/wp-content\/uploads\/2024\/04\/23-24-Schuelerzeitung-2-1024x768.jpg 1024w, https:\/\/www.rwg-bayreuth.de\/home\/wp-content\/uploads\/2024\/04\/23-24-Schuelerzeitung-2-250x188.jpg 250w\" sizes=\"(max-width: 2048px) 100vw, 2048px\" \/><\/a><\/div><\/div><div class=\"su-image-carousel-item\"><div class=\"su-image-carousel-item-content\"><a href=\"https:\/\/www.rwg-bayreuth.de\/home\/wp-content\/uploads\/2024\/04\/23-24-Schuelerzeitung-3.jpg\" data-caption=\"\"><img loading=\"lazy\" decoding=\"async\" width=\"1536\" height=\"2048\" src=\"https:\/\/www.rwg-bayreuth.de\/home\/wp-content\/uploads\/2024\/04\/23-24-Schuelerzeitung-3.jpg\" class=\"\" alt=\"\" srcset=\"https:\/\/www.rwg-bayreuth.de\/home\/wp-content\/uploads\/2024\/04\/23-24-Schuelerzeitung-3.jpg 1536w, https:\/\/www.rwg-bayreuth.de\/home\/wp-content\/uploads\/2024\/04\/23-24-Schuelerzeitung-3-1152x1536.jpg 1152w, https:\/\/www.rwg-bayreuth.de\/home\/wp-content\/uploads\/2024\/04\/23-24-Schuelerzeitung-3-113x150.jpg 113w, https:\/\/www.rwg-bayreuth.de\/home\/wp-content\/uploads\/2024\/04\/23-24-Schuelerzeitung-3-338x450.jpg 338w, https:\/\/www.rwg-bayreuth.de\/home\/wp-content\/uploads\/2024\/04\/23-24-Schuelerzeitung-3-768x1024.jpg 768w, https:\/\/www.rwg-bayreuth.de\/home\/wp-content\/uploads\/2024\/04\/23-24-Schuelerzeitung-3-250x333.jpg 250w\" sizes=\"(max-width: 1536px) 100vw, 1536px\" \/><\/a><\/div><\/div><\/div><script id=\"su_image_carousel_69f3f37ff0141_script\">if(window.SUImageCarousel){setTimeout(function() {window.SUImageCarousel.initGallery(document.getElementById(\"su_image_carousel_69f3f37ff0141\"))}, 0);}var su_image_carousel_69f3f37ff0141_script=document.getElementById(\"su_image_carousel_69f3f37ff0141_script\");if(su_image_carousel_69f3f37ff0141_script){su_image_carousel_69f3f37ff0141_script.parentNode.removeChild(su_image_carousel_69f3f37ff0141_script);}<\/script>\n<p>Aber genug mit der Teleshopping-Eigenwerbung, denn es gibt noch eine Vielzahl an anderen tollen AGs bei uns an der Schule, \u00fcber einige haben wir uns bereits f\u00fcr euch informiert.<\/p>\n<p><em>Die Redaktion mit der freundlichen Unterst\u00fctzung von Rosalie Jakob<\/em><\/p>\n<h2>Berichte unserer Sch\u00fclerreporter<\/h2>\n<div style=\"max-width: 1000px\">\n<div class=\"rwg_post_list\"><article id=\"post-39904\"class=\"cf post-39904 post type-post status-publish format-standard has-post-thumbnail hentry category-schuelerzeitung category-allgemein tag-home tag-italienisch tag-schuelerzeitung\">\n \t\t<div class=\"entry-thumbnail fadein\"> \t\t\t<a href=\"https:\/\/www.rwg-bayreuth.de\/home\/?p=39904\"><img loading=\"lazy\" decoding=\"async\" width=\"1200\" height=\"800\" src=\"https:\/\/www.rwg-bayreuth.de\/home\/wp-content\/uploads\/2025\/10\/25-26-StipendiumTrient-B.jpg\" class=\"attachment-post-thumbnail size-post-thumbnail wp-post-image\" alt=\"\" srcset=\"https:\/\/www.rwg-bayreuth.de\/home\/wp-content\/uploads\/2025\/10\/25-26-StipendiumTrient-B.jpg 1200w, https:\/\/www.rwg-bayreuth.de\/home\/wp-content\/uploads\/2025\/10\/25-26-StipendiumTrient-B-150x100.jpg 150w, https:\/\/www.rwg-bayreuth.de\/home\/wp-content\/uploads\/2025\/10\/25-26-StipendiumTrient-B-450x300.jpg 450w, https:\/\/www.rwg-bayreuth.de\/home\/wp-content\/uploads\/2025\/10\/25-26-StipendiumTrient-B-768x512.jpg 768w, https:\/\/www.rwg-bayreuth.de\/home\/wp-content\/uploads\/2025\/10\/25-26-StipendiumTrient-B-1024x683.jpg 1024w, https:\/\/www.rwg-bayreuth.de\/home\/wp-content\/uploads\/2025\/10\/25-26-StipendiumTrient-B-250x167.jpg 250w, https:\/\/www.rwg-bayreuth.de\/home\/wp-content\/uploads\/2025\/10\/25-26-StipendiumTrient-B-900x600.jpg 900w\" sizes=\"(max-width: 1200px) 100vw, 1200px\" \/><\/a> \t\t<\/div><!-- end .entry-thumbnail -->\n<div class=\"meta-main-wrap\">\n  <div class=\"\">\n    <header class=\"entry-header\">\n      <div class=\"entry-cats\">\n        <div class=\"kategorie\"><a href=\"https:\/\/www.rwg-bayreuth.de\/home\/?cat=149\" rel=\"category\">Sch\u00fclerzeitung<\/a> <a href=\"https:\/\/www.rwg-bayreuth.de\/home\/?cat=1\" rel=\"category\">Schulleben<\/a><\/div>\n<div class=\"entry-edit\" >      <div class=\"entry-date\" >\n        <a href=\"https:\/\/www.rwg-bayreuth.de\/home\/?p=39904\">11. Oktober 2025<\/a>\n      <\/div><\/div><!-- end .entry-date -->\n      <\/div><!-- end .entry-cats -->\n<h2 class=\"entry-title\"><a href=\"https:\/\/www.rwg-bayreuth.de\/home\/?p=39904\" rel=\"bookmark\">Mein Abenteuer Trient: Lernen, Erleben, Wachsen \u2013 eine Stipendiatin des PAD im Fach Italienisch berichtet<\/a><\/h2>\n    <\/header><!-- end .entry-header -->\n    <div class=\"entry-summary\">\nDank eines Stipendiums des P\u00e4dagogischen Austauschdiensts (PAD) der Kultusminister Konferenz bekam ich die Chance, gegen Ende der Sommerferien zwei Wochen mit weiteren Jugendlichen in Trient und Umgebung zu verbringen &#8211; eine Zeit, die f\u00fcr mich nicht nur spannend, sondern auch sehr lehrreich war. Am Samstag, den 6. September, begann meine Reise am M\u00fcnchner Hauptbahnhof, wo&hellip;\n  <\/div><!-- .entry-summary -->\n  <\/div><!-- .entry-main -->\n<\/div><!-- .meta-main-wrap -->\n<\/article><!-- end post -39904 -->\n<\/div><!-- end .rwg_post_list -->\n<\/div>\n<p><!--[su_image_carousel source=\"taxonomy: category\/149\" limit=\"100\" slides_style=\"photo\" controls_style=\"light\" crop=\"3:2\" columns=\"2\" captions=\"yes\" dots=\"no\" link=\"lightbox\" target=\"self\" autoplay=\"4\" image_size=\"full\" class=\"clear\"]\n\n\n[su_image_carousel source=\"taxonomy: category\/149\" limit=\"100\" slides_style=\"minimal\" controls_style=\"light\" crop=\"3:2\" columns=\"3\" captions=\"yes\" dots=\"no\" link=\"lightbox\" target=\"self\" autoplay=\"4\" image_size=\"full\" class=\"clear\"]\n\n\n[su_image_carousel source=\"taxonomy: category\/149\" limit=\"100\" controls_style=\"light\" crop=\"3:2\" columns=\"3\" captions=\"yes\" dots=\"no\" link=\"lightbox\" target=\"self\" autoplay=\"4\" image_size=\"full\" class=\"clear\"]--><\/p>\n<p><!--<a href=\"https:\/\/www.rwg-bayreuth.de\/home\/wp-content\/uploads\/2012\/01\/Sch\u00fclerzeitung-Cover-450.jpg\"><img loading=\"lazy\" decoding=\"async\" src=\"https:\/\/www.rwg-bayreuth.de\/home\/wp-content\/uploads\/2012\/01\/Sch\u00fclerzeitung-Cover-450.jpg\" alt=\"\" width=\"450\" height=\"420\" class=\"alignleft size-full wp-image-14986\" srcset=\"https:\/\/www.rwg-bayreuth.de\/home\/wp-content\/uploads\/2012\/01\/Sch\u00fclerzeitung-Cover-450.jpg 450w, https:\/\/www.rwg-bayreuth.de\/home\/wp-content\/uploads\/2012\/01\/Sch\u00fclerzeitung-Cover-450-250x233.jpg 250w\" sizes=\"(max-width: 450px) 100vw, 450px\" \/><\/a>\n\n\u201eEulenpost\u201c hei\u00dfen die letzten Ausgaben der Sch\u00fclerzeitung des RWG. 2011 und 2012 wurde sie von den Profis des Nordbayerischen Kurier als beste Sch\u00fclerzeitung der Region ausgezeichnet und mit einem ersten Preis geehrt. Das ist f\u00fcr die Redaktion auch k\u00fcnftig Ansporn, weiterhin interessante Themen zu bearbeiten und frisch zu pr\u00e4sentieren.\n\nAuch auf die Einrichtung einer Schreib-AG kann das RWG zur\u00fcckblicken: Regelm\u00e4\u00dfige Treffen, um Texte vorzutragen, zu vergleichen und \u00fcber deren Qualit\u00e4t zu diskutieren, bilden hierf\u00fcr den Rahmen. So werden Impulse und Anregungen weitergegeben. Auch \u00f6ffentliche Lesungen vor echtem Publikum wurden bereits absolviert: In der Bayreuther Stadtbibliothek RW21 war die Schreib-AG schon mehrmals zu Gast.--><\/p>\n","protected":false},"excerpt":{"rendered":"<p>Namenlos, aber motiviert \u2013 Die Sch\u00fclerzeitung startet durch, mit einem neuen Gesicht Hallo, Welt! Oder besser gesagt: Hallo RWG! Wir \u2013 eine kleine und junge Gruppe von Nachwuchsreportern \u2013 haben es uns zur Aufgabe gemacht, der seit l\u00e4ngerem verschwundenen Sch\u00fclerzeitung neues Leben einzuhauchen. Unter dem momentanen Arbeitstitel NAMELESSdotORG (obwohl wir diesen Nicht-Namen eigentlich bereits ziemlich&hellip;<\/p>\n","protected":false},"author":1,"featured_media":0,"parent":14662,"menu_order":10,"comment_status":"closed","ping_status":"open","template":"page-templates\/no-sidebar.php","meta":{"footnotes":""},"tags":[54],"_links":{"self":[{"href":"https:\/\/www.rwg-bayreuth.de\/home\/index.php?rest_route=\/wp\/v2\/pages\/141"}],"collection":[{"href":"https:\/\/www.rwg-bayreuth.de\/home\/index.php?rest_route=\/wp\/v2\/pages"}],"about":[{"href":"https:\/\/www.rwg-bayreuth.de\/home\/index.php?rest_route=\/wp\/v2\/types\/page"}],"author":[{"embeddable":true,"href":"https:\/\/www.rwg-bayreuth.de\/home\/index.php?rest_route=\/wp\/v2\/users\/1"}],"replies":[{"embeddable":true,"href":"https:\/\/www.rwg-bayreuth.de\/home\/index.php?rest_route=%2Fwp%2Fv2%2Fcomments&post=141"}],"version-history":[{"count":32,"href":"https:\/\/www.rwg-bayreuth.de\/home\/index.php?rest_route=\/wp\/v2\/pages\/141\/revisions"}],"predecessor-version":[{"id":36907,"href":"https:\/\/www.rwg-bayreuth.de\/home\/index.php?rest_route=\/wp\/v2\/pages\/141\/revisions\/36907"}],"up":[{"embeddable":true,"href":"https:\/\/www.rwg-bayreuth.de\/home\/index.php?rest_route=\/wp\/v2\/pages\/14662"}],"wp:attachment":[{"href":"https:\/\/www.rwg-bayreuth.de\/home\/index.php?rest_route=%2Fwp%2Fv2%2Fmedia&parent=141"}],"wp:term":[{"taxonomy":"post_tag","embeddable":true,"href":"https:\/\/www.rwg-bayreuth.de\/home\/index.php?rest_route=%2Fwp%2Fv2%2Ftags&post=141"}],"curies":[{"name":"wp","href":"https:\/\/api.w.org\/{rel}","templated":true}]}}