{"id":135,"date":"2012-01-17T20:32:39","date_gmt":"2012-01-17T19:32:39","guid":{"rendered":"http:\/\/www.rwg-bayreuth.de\/home\/?page_id=135"},"modified":"2026-03-23T17:49:31","modified_gmt":"2026-03-23T16:49:31","slug":"streitschlichter","status":"publish","type":"page","link":"https:\/\/www.rwg-bayreuth.de\/home\/?page_id=135","title":{"rendered":"Streitschlichter"},"content":{"rendered":"<p><a href=\"https:\/\/www.rwg-bayreuth.de\/home\/?attachment_id=41111\" rel=\"attachment wp-att-41111\"><img loading=\"lazy\" decoding=\"async\" class=\"aligncenter size-full wp-image-41111\" src=\"https:\/\/www.rwg-bayreuth.de\/home\/wp-content\/uploads\/2026\/03\/25-26-Streitschlichter2026-B.jpg\" alt=\"\" width=\"1024\" height=\"683\" srcset=\"https:\/\/www.rwg-bayreuth.de\/home\/wp-content\/uploads\/2026\/03\/25-26-Streitschlichter2026-B.jpg 1024w, https:\/\/www.rwg-bayreuth.de\/home\/wp-content\/uploads\/2026\/03\/25-26-Streitschlichter2026-B-150x100.jpg 150w, https:\/\/www.rwg-bayreuth.de\/home\/wp-content\/uploads\/2026\/03\/25-26-Streitschlichter2026-B-450x300.jpg 450w, https:\/\/www.rwg-bayreuth.de\/home\/wp-content\/uploads\/2026\/03\/25-26-Streitschlichter2026-B-768x512.jpg 768w, https:\/\/www.rwg-bayreuth.de\/home\/wp-content\/uploads\/2026\/03\/25-26-Streitschlichter2026-B-250x167.jpg 250w, https:\/\/www.rwg-bayreuth.de\/home\/wp-content\/uploads\/2026\/03\/25-26-Streitschlichter2026-B-900x600.jpg 900w\" sizes=\"(max-width: 1024px) 100vw, 1024px\" \/><\/a><\/p>\n<p>Schon \u00fcber 10 Jahre gibt es nun die Streitschlichter am RWG. An vier Wochenenden opfern die Sch\u00fcler\/innen ihre Freizeit um sich zum Streitschlichter ausbilden zu lassen und so ma\u00dfgeblich zu einem besseren Schulklima mit beizutragen.<\/p>\n<p><!--<a href=\"https:\/\/www.rwg-bayreuth.de\/home\/?attachment_id=29561\" rel=\"attachment wp-att-29561\"><img decoding=\"async\" class=\"aligncenter size-full wp-image-29561\" src=\"https:\/\/www.rwg-bayreuth.de\/home\/wp-content\/uploads\/2021\/10\/21-22-Streitschlichter.jpg\" alt=\"\" width=\"100%\" height=\"auto\" srcset=\"https:\/\/www.rwg-bayreuth.de\/home\/wp-content\/uploads\/2021\/10\/21-22-Streitschlichter.jpg 1024w, https:\/\/www.rwg-bayreuth.de\/home\/wp-content\/uploads\/2021\/10\/21-22-Streitschlichter-450x300.jpg 450w, https:\/\/www.rwg-bayreuth.de\/home\/wp-content\/uploads\/2021\/10\/21-22-Streitschlichter-768x512.jpg 768w, https:\/\/www.rwg-bayreuth.de\/home\/wp-content\/uploads\/2021\/10\/21-22-Streitschlichter-250x167.jpg 250w, https:\/\/www.rwg-bayreuth.de\/home\/wp-content\/uploads\/2021\/10\/21-22-Streitschlichter-900x600.jpg 900w\" sizes=\"(max-width: 1024px) 100vw, 1024px\" \/><\/a>--><\/p>\n<p>Jeder Sch\u00fcler kann jederzeit auf einen dieser Sch\u00fcler zugehen, wenn es Probleme geben sollte. Des Weiteren ist es nat\u00fcrlich auch immer m\u00f6glich, im Sekretariat nach ihnen zu fragen oder einen Lehrer bzw. Herrn Sellner (Ausbilder der Streitschlichter und Mitarbeiter der offenen Ganztagsschule) um die Vermittlung eines Termins zu bitten.<\/p>\n<p>Kleine Streitigkeiten um einen Stift oder um einen Radiergummi geh\u00f6ren ebenso zu ihrer Zust\u00e4ndigkeit wie ernsthafte Vorf\u00e4lle. Erst bei Streitigkeiten, in die mehrere Personen verwickelt sind, bei Mobbing oder Cypermobbing geraten die Streitschlichter an die Grenzen ihrer M\u00f6glichkeiten. Hierf\u00fcr gibt es am RWG entweder die Schulpsychologin Frau Fredersdorf oder Frau Hofmann und Herrn Sellner die mit ihrem &#8222;Zeit f\u00fcr Dich&#8220; Angebot f\u00fcr alle Belange jedes Einzelnen als Absprechpartner zur Verf\u00fcgung stehen.<\/p>\n<h3>Aktuelles<\/h3>\n<div style=\"max-width: 1000px;\"><div class=\"rwg_post_list\"><article id=\"post-41107\"class=\"cf post-41107 post type-post status-publish format-standard has-post-thumbnail hentry category-allgemein tag-home tag-streitschlichter\">\n \t\t<div class=\"entry-thumbnail fadein\"> \t\t\t<a href=\"https:\/\/www.rwg-bayreuth.de\/home\/?p=41107\"><img loading=\"lazy\" decoding=\"async\" width=\"1024\" height=\"683\" src=\"https:\/\/www.rwg-bayreuth.de\/home\/wp-content\/uploads\/2026\/03\/25-26-Streitschlichter2026-B.jpg\" class=\"attachment-post-thumbnail size-post-thumbnail wp-post-image\" alt=\"\" srcset=\"https:\/\/www.rwg-bayreuth.de\/home\/wp-content\/uploads\/2026\/03\/25-26-Streitschlichter2026-B.jpg 1024w, https:\/\/www.rwg-bayreuth.de\/home\/wp-content\/uploads\/2026\/03\/25-26-Streitschlichter2026-B-150x100.jpg 150w, https:\/\/www.rwg-bayreuth.de\/home\/wp-content\/uploads\/2026\/03\/25-26-Streitschlichter2026-B-450x300.jpg 450w, https:\/\/www.rwg-bayreuth.de\/home\/wp-content\/uploads\/2026\/03\/25-26-Streitschlichter2026-B-768x512.jpg 768w, https:\/\/www.rwg-bayreuth.de\/home\/wp-content\/uploads\/2026\/03\/25-26-Streitschlichter2026-B-250x167.jpg 250w, https:\/\/www.rwg-bayreuth.de\/home\/wp-content\/uploads\/2026\/03\/25-26-Streitschlichter2026-B-900x600.jpg 900w\" sizes=\"(max-width: 1024px) 100vw, 1024px\" \/><\/a> \t\t<\/div><!-- end .entry-thumbnail -->\n<div class=\"meta-main-wrap\">\n  <div class=\"\">\n    <header class=\"entry-header\">\n      <div class=\"entry-cats\">\n        <div class=\"kategorie\"><a href=\"https:\/\/www.rwg-bayreuth.de\/home\/?cat=1\" rel=\"category\">Schulleben<\/a><\/div>\n<div class=\"entry-edit\" >      <div class=\"entry-date\" >\n        <a href=\"https:\/\/www.rwg-bayreuth.de\/home\/?p=41107\">22. M\u00e4rz 2026<\/a>\n      <\/div><\/div><!-- end .entry-date -->\n      <\/div><!-- end .entry-cats -->\n<h2 class=\"entry-title\"><a href=\"https:\/\/www.rwg-bayreuth.de\/home\/?p=41107\" rel=\"bookmark\">Verst\u00e4rkung f\u00fcr ein friedliches Miteinander: Unsere neuen Streitschlichter sind da!<\/a><\/h2>\n    <\/header><!-- end .entry-header -->\n    <div class=\"entry-summary\">\nNach vier intensiven Ausbildungswochenenden ist es endlich so weit: Unsere neuen Streitschlichterinnen und Streitschlichter nehmen in dieser Woche offiziell ihren Dienst am RWG auf. Wir freuen uns sehr, dass sich erneut acht engagierte Sch\u00fclerinnen und Sch\u00fcler dazu bereit erkl\u00e4rt haben, einen Teil ihrer Freizeit zu investieren, um diese wichtige Ausbildung zu absolvieren. Ab sofort stehen&hellip;\n  <\/div><!-- .entry-summary -->\n  <\/div><!-- .entry-main -->\n<\/div><!-- .meta-main-wrap -->\n<\/article><!-- end post -41107 -->\n<article id=\"post-36461\"class=\"cf post-36461 post type-post status-publish format-standard has-post-thumbnail hentry category-allgemein tag-home tag-streitschlichter\">\n \t\t<div class=\"entry-thumbnail fadein\"> \t\t\t<a href=\"https:\/\/www.rwg-bayreuth.de\/home\/?p=36461\"><img loading=\"lazy\" decoding=\"async\" width=\"1024\" height=\"683\" src=\"https:\/\/www.rwg-bayreuth.de\/home\/wp-content\/uploads\/2024\/04\/23-24-NeueStreitschlichter-B.jpg\" class=\"attachment-post-thumbnail size-post-thumbnail wp-post-image\" alt=\"\" srcset=\"https:\/\/www.rwg-bayreuth.de\/home\/wp-content\/uploads\/2024\/04\/23-24-NeueStreitschlichter-B.jpg 1024w, https:\/\/www.rwg-bayreuth.de\/home\/wp-content\/uploads\/2024\/04\/23-24-NeueStreitschlichter-B-150x100.jpg 150w, https:\/\/www.rwg-bayreuth.de\/home\/wp-content\/uploads\/2024\/04\/23-24-NeueStreitschlichter-B-450x300.jpg 450w, https:\/\/www.rwg-bayreuth.de\/home\/wp-content\/uploads\/2024\/04\/23-24-NeueStreitschlichter-B-768x512.jpg 768w, https:\/\/www.rwg-bayreuth.de\/home\/wp-content\/uploads\/2024\/04\/23-24-NeueStreitschlichter-B-250x167.jpg 250w, https:\/\/www.rwg-bayreuth.de\/home\/wp-content\/uploads\/2024\/04\/23-24-NeueStreitschlichter-B-900x600.jpg 900w\" sizes=\"(max-width: 1024px) 100vw, 1024px\" \/><\/a> \t\t<\/div><!-- end .entry-thumbnail -->\n<div class=\"meta-main-wrap\">\n  <div class=\"\">\n    <header class=\"entry-header\">\n      <div class=\"entry-cats\">\n        <div class=\"kategorie\"><a href=\"https:\/\/www.rwg-bayreuth.de\/home\/?cat=1\" rel=\"category\">Schulleben<\/a><\/div>\n<div class=\"entry-edit\" >      <div class=\"entry-date\" >\n        <a href=\"https:\/\/www.rwg-bayreuth.de\/home\/?p=36461\">17. April 2024<\/a>\n      <\/div><\/div><!-- end .entry-date -->\n      <\/div><!-- end .entry-cats -->\n<h2 class=\"entry-title\"><a href=\"https:\/\/www.rwg-bayreuth.de\/home\/?p=36461\" rel=\"bookmark\">Neue Streitschlichter am RWG<\/a><\/h2>\n    <\/header><!-- end .entry-header -->\n    <div class=\"entry-summary\">\nLetzte Woche stellten sich die neuen Streitschlichterinnen und Streitschlichter den f\u00fcnften und sechsten Klassen vor. Nach einer Ausbildung die vier Wochenenden dauerte haben wir nun 10 neue Streitschlichter am RWG. An diesen Tagen haben wir viel \u00fcber Kommunikation, Gef\u00fchle, Bed\u00fcrfnisse und verschiedene Ansichten geh\u00f6rt, damit in Rollenspielen gearbeitet und herausgefunden worum es geht, wenn man&hellip;\n  <\/div><!-- .entry-summary -->\n  <\/div><!-- .entry-main -->\n<\/div><!-- .meta-main-wrap -->\n<\/article><!-- end post -36461 -->\n<article id=\"post-34757\"class=\"cf post-34757 post type-post status-publish format-standard has-post-thumbnail hentry category-allgemein tag-5te-klassen tag-fahrt tag-home tag-medientutoren-scouts tag-streitschlichter\">\n \t\t<div class=\"entry-thumbnail fadein\"> \t\t\t<a href=\"https:\/\/www.rwg-bayreuth.de\/home\/?p=34757\"><img loading=\"lazy\" decoding=\"async\" width=\"1024\" height=\"683\" src=\"https:\/\/www.rwg-bayreuth.de\/home\/wp-content\/uploads\/2023\/10\/23-24-Schullandheim-Weissenstadt-B.jpg\" class=\"attachment-post-thumbnail size-post-thumbnail wp-post-image\" alt=\"\" srcset=\"https:\/\/www.rwg-bayreuth.de\/home\/wp-content\/uploads\/2023\/10\/23-24-Schullandheim-Weissenstadt-B.jpg 1024w, https:\/\/www.rwg-bayreuth.de\/home\/wp-content\/uploads\/2023\/10\/23-24-Schullandheim-Weissenstadt-B-450x300.jpg 450w, https:\/\/www.rwg-bayreuth.de\/home\/wp-content\/uploads\/2023\/10\/23-24-Schullandheim-Weissenstadt-B-150x100.jpg 150w, https:\/\/www.rwg-bayreuth.de\/home\/wp-content\/uploads\/2023\/10\/23-24-Schullandheim-Weissenstadt-B-768x512.jpg 768w, https:\/\/www.rwg-bayreuth.de\/home\/wp-content\/uploads\/2023\/10\/23-24-Schullandheim-Weissenstadt-B-250x167.jpg 250w, https:\/\/www.rwg-bayreuth.de\/home\/wp-content\/uploads\/2023\/10\/23-24-Schullandheim-Weissenstadt-B-900x600.jpg 900w\" sizes=\"(max-width: 1024px) 100vw, 1024px\" \/><\/a> \t\t<\/div><!-- end .entry-thumbnail -->\n<div class=\"meta-main-wrap\">\n  <div class=\"\">\n    <header class=\"entry-header\">\n      <div class=\"entry-cats\">\n        <div class=\"kategorie\"><a href=\"https:\/\/www.rwg-bayreuth.de\/home\/?cat=1\" rel=\"category\">Schulleben<\/a><\/div>\n<div class=\"entry-edit\" >      <div class=\"entry-date\" >\n        <a href=\"https:\/\/www.rwg-bayreuth.de\/home\/?p=34757\">16. Oktober 2023<\/a>\n      <\/div><\/div><!-- end .entry-date -->\n      <\/div><!-- end .entry-cats -->\n<h2 class=\"entry-title\"><a href=\"https:\/\/www.rwg-bayreuth.de\/home\/?p=34757\" rel=\"bookmark\">\ufeffHighlights aus dem Schullandheim der 5.&nbsp;Klassen<\/a><\/h2>\n    <\/header><!-- end .entry-header -->\n    <div class=\"entry-summary\">\nSo vielf\u00e4ltig wie das Wetter im Oktober, gestaltete sich auch der Schullandheimaufenthalt der 5.&nbsp;Klassen in Wei\u00dfenstadt. Mit insgesamt 72 Sch\u00fclerInnen der 5.&nbsp;Klassen, 18&nbsp;TutorInnen und zus\u00e4tzlich einigen Medienscouts und Streitschlichtern starteten die Klassleiterinnen, Frau Wagner, Frau Heberle und Frau Wilk-B\u00f6hm, gemeinsam mit dem Unterstufenbetreuer Herrn Bauer in das Abenteuer. Vor Ort wurde sofort mit gro\u00dfer Neugier&hellip;\n  <\/div><!-- .entry-summary -->\n  <\/div><!-- .entry-main -->\n<\/div><!-- .meta-main-wrap -->\n<\/article><!-- end post -34757 -->\n<\/div><!-- end .rwg_post_list --><\/div>\n","protected":false},"excerpt":{"rendered":"<p>Schon \u00fcber 10 Jahre gibt es nun die Streitschlichter am RWG. An vier Wochenenden opfern die Sch\u00fcler\/innen ihre Freizeit um sich zum Streitschlichter ausbilden zu lassen und so ma\u00dfgeblich zu einem besseren Schulklima mit beizutragen. Jeder Sch\u00fcler kann jederzeit auf einen dieser Sch\u00fcler zugehen, wenn es Probleme geben sollte. Des Weiteren ist es nat\u00fcrlich auch&hellip;<\/p>\n","protected":false},"author":1,"featured_media":0,"parent":11156,"menu_order":60,"comment_status":"closed","ping_status":"closed","template":"page-templates\/no-sidebar.php","meta":{"footnotes":""},"tags":[54],"_links":{"self":[{"href":"https:\/\/www.rwg-bayreuth.de\/home\/index.php?rest_route=\/wp\/v2\/pages\/135"}],"collection":[{"href":"https:\/\/www.rwg-bayreuth.de\/home\/index.php?rest_route=\/wp\/v2\/pages"}],"about":[{"href":"https:\/\/www.rwg-bayreuth.de\/home\/index.php?rest_route=\/wp\/v2\/types\/page"}],"author":[{"embeddable":true,"href":"https:\/\/www.rwg-bayreuth.de\/home\/index.php?rest_route=\/wp\/v2\/users\/1"}],"replies":[{"embeddable":true,"href":"https:\/\/www.rwg-bayreuth.de\/home\/index.php?rest_route=%2Fwp%2Fv2%2Fcomments&post=135"}],"version-history":[{"count":48,"href":"https:\/\/www.rwg-bayreuth.de\/home\/index.php?rest_route=\/wp\/v2\/pages\/135\/revisions"}],"predecessor-version":[{"id":41115,"href":"https:\/\/www.rwg-bayreuth.de\/home\/index.php?rest_route=\/wp\/v2\/pages\/135\/revisions\/41115"}],"up":[{"embeddable":true,"href":"https:\/\/www.rwg-bayreuth.de\/home\/index.php?rest_route=\/wp\/v2\/pages\/11156"}],"wp:attachment":[{"href":"https:\/\/www.rwg-bayreuth.de\/home\/index.php?rest_route=%2Fwp%2Fv2%2Fmedia&parent=135"}],"wp:term":[{"taxonomy":"post_tag","embeddable":true,"href":"https:\/\/www.rwg-bayreuth.de\/home\/index.php?rest_route=%2Fwp%2Fv2%2Ftags&post=135"}],"curies":[{"name":"wp","href":"https:\/\/api.w.org\/{rel}","templated":true}]}}