{"id":12254,"date":"2019-01-24T19:39:37","date_gmt":"2019-01-24T18:39:37","guid":{"rendered":"http:\/\/www.rwg-bayreuth.de\/home\/?p=12254"},"modified":"2026-01-15T06:50:09","modified_gmt":"2026-01-15T05:50:09","slug":"anmeldung-zum-kaenguru-wettbewerb","status":"publish","type":"page","link":"https:\/\/www.rwg-bayreuth.de\/home\/?page_id=12254","title":{"rendered":"Infos zum K\u00e4nguru-Wettbewerb"},"content":{"rendered":"<p><img loading=\"lazy\" decoding=\"async\" class=\"alignleft size-full wp-image-12236\" src=\"https:\/\/www.rwg-bayreuth.de\/home\/wp-content\/uploads\/2017\/01\/K\u00e4ngurugrafik2.jpg\" alt=\"\" width=\"150\" height=\"322\" \/><!--In der Regel <strong>am dritten Donnerstag im M\u00e4rz<\/strong>\n\n-->Am <strong>19. M\u00e4rz 2026<\/strong> macht das &#8222;K\u00e4nguru der Mathematik&#8220; am RWG halt. Das Startgeld betr\u00e4gt 2,50&nbsp;\u20ac und es wartet auf alle Teilnehmer der Erinnerungs\u00adpreis und eine Urkunde. Die Teilnehmer, welche die Sieger\u00adr\u00e4nge erreichen \u2013 und das waren in den vergangenen Jahren nicht wenige \u2013 k\u00f6nnen sich auf zus\u00e4tz\u00adliche Preise wie B\u00fccher, Spiele, Puzzles, T-Shirts und die allerbesten sogar auf Reisen in ein internationales Mathe-Camp freuen. Die Bearbeitung der Wettbewerbs\u00adaufgaben findet w\u00e4hrend der Unterrichts\u00adzeit statt und dauert 75 Minuten.<\/p>\n<p><!--\n\n[su_note note_color=\"#BE1101\" text_color=\"#ffffff\" radius=\"0\" class=\"clear\"]\n\n<h3 style=\"text-align:center\">Die Daten werden rechtzeitig vor dem Wettbewerb aktualisiert<\/h3>\n\n[\/su_note]\n\n--><!--\n\n<strong>Anmeldeschluss: Donnerstag, 29. Februar 2024<\/strong>\n\n--><\/p>\n<p>Ansprechpartner: T. P\u00fcrckhauer und R. B\u00f6hner<\/p>\n<h3>Informationen zum Wettbewerb und zur Anmeldung (wenn aktuell):<\/h3>\n<ul class=\"linkliste\">\n<li class=\"top\"><!-- --><a href=\"https:\/\/www.rwg-bayreuth.de\/home\/wp-content\/uploads\/2017\/12\/2-Kaenguru2026-Anschreiben-5-6-1.pdf\">Informationen f\u00fcr Sch\u00fcler der Jahrgangsstufen 5 und 6<\/a><\/li>\n<li><a href=\"https:\/\/www.rwg-bayreuth.de\/home\/wp-content\/uploads\/2017\/12\/3-Kaenguru2026-InfosAllgemeinAb7.pdf\">Informationen f\u00fcr Sch\u00fcler der Jahrgangsstufe 7 und h\u00f6her<\/a><\/li>\n<li><!-- --><a href=\"http:\/\/www.mathe-kaenguru.de\/\">Allgemeine Informationen zum Wettbewerb (Wettbewerbshomepage)<\/a><\/li>\n<li><a href=\"http:\/\/www.mathe-kaenguru.de\/chronik\/aufgaben\/index.html\">Aufgaben der vergangenen Jahre<\/a><\/li>\n<\/ul>\n<p><!--\n\n\n<h6>Liebe Sch\u00fcler, f\u00fcr dieses Jahr ist der Wettbewerb leider schon vor\u00fcber. Rechtzeitig vor dem n\u00e4chsten Wettbewerb findet ihr hier Informationen zur Anmeldung und zum Wettbewerbstag.<\/h6>\n\n\n--><\/p>\n<h3>FAQs<\/h3>\n<h6>Wie kann ich mich anmelden?<\/h6>\n<p>Wenn du zum Wettbewerbszeitpunkt in einer 5. oder 6.\u00a0Klasse bist, erh\u00e4ltst du die Anmelde\u00adunterlagen rechtzeitig von deinem Mathe\u00admatik\u00adlehrer. Lasse den R\u00fcckmelde\u00adabschnitt von deinen Eltern ausf\u00fcllen und gib ihn zusammen mit dem Startgeld von 2,50&nbsp;\u20ac bei deinem Mathe\u00admatik\u00adlehrer ab.<br \/>\nBist du bereits in einer h\u00f6heren Jahrgangs\u00adstufe, so findest du die Anmeldeunterlagen im obigen Infoschreiben oder bekommst sie von deinem Mathelehrer. Lasse den R\u00fcckmelde\u00adabschnitt von deinen Eltern ausf\u00fcllen und gib ihn zusammen mit dem Startgeld von 2,50&nbsp;\u20ac bei uns (Boe, P\u00fcr) am Lehrer\u00adzimmer ab.<\/p>\n<h6>Ich habe mich angemeldet. Wie geht es jetzt weiter?<\/h6>\n<p>Wenn du derzeit in einer 5. oder 6.\u00a0Klasse bist, erh\u00e4ltst du alle n\u00f6tigen Informationen rechtzeitig von deinem Mathe\u00admatik\u00adlehrer.<br \/>\nBist du bereits in einer h\u00f6heren Jahrgangs\u00adstufe, so k\u00fcmmern wir (Boe, P\u00fcr) uns darum, dass du recht\u00adzeitig erf\u00e4hrst (z.B. \u00fcber Teams) in welchen Unte\u00adrrichts\u00adstunden und in welchem Zimmer der Test statt\u00adfindet. W\u00e4hrend dieser Zeit bist du vom &#8222;normalen&#8220; Unterricht befreit.<\/p>\n<p><!--\n\n\n<h6>Inzwischen stehen Ort und Zeit fest:<\/h6>\n\n\nDer K\u00e4nguru-Test 2019 findet am 21.\u00a0M\u00e4rz in der 1. und 2. Unterrichts&shy;stunde statt, alle ange&shy;meldeten Sch\u00fcler ab der 7.\u00a0Jahrgangs&shy;stufe treffen sich um 7.45\u00a0Uhr in den R\u00e4umen 337\/338 (Neubau). Ihr erhaltet diese Information <!--nach den Faschings&shy;ferien --><!--auch noch schriftlich zum Aush\u00e4ngen im Klassenzimmer. --><\/p>\n<h3 class=\"clear\">Aktuelles<\/h3>\n<div class=\"rwg_post_list\"><article id=\"post-39078\"class=\"cf post-39078 post type-post status-publish format-standard has-post-thumbnail hentry category-allgemein tag-home tag-kaenguru tag-mathematik tag-mint tag-wettbewerb\">\n \t\t<div class=\"entry-thumbnail fadein\"> \t\t\t<a href=\"https:\/\/www.rwg-bayreuth.de\/home\/?p=39078\"><img loading=\"lazy\" decoding=\"async\" width=\"1024\" height=\"683\" src=\"https:\/\/www.rwg-bayreuth.de\/home\/wp-content\/uploads\/2025\/06\/24-25-KaenguruWettbewerb-Gruppenbild-B.jpg\" class=\"attachment-post-thumbnail size-post-thumbnail wp-post-image\" alt=\"\" srcset=\"https:\/\/www.rwg-bayreuth.de\/home\/wp-content\/uploads\/2025\/06\/24-25-KaenguruWettbewerb-Gruppenbild-B.jpg 1024w, https:\/\/www.rwg-bayreuth.de\/home\/wp-content\/uploads\/2025\/06\/24-25-KaenguruWettbewerb-Gruppenbild-B-150x100.jpg 150w, https:\/\/www.rwg-bayreuth.de\/home\/wp-content\/uploads\/2025\/06\/24-25-KaenguruWettbewerb-Gruppenbild-B-450x300.jpg 450w, https:\/\/www.rwg-bayreuth.de\/home\/wp-content\/uploads\/2025\/06\/24-25-KaenguruWettbewerb-Gruppenbild-B-768x512.jpg 768w, https:\/\/www.rwg-bayreuth.de\/home\/wp-content\/uploads\/2025\/06\/24-25-KaenguruWettbewerb-Gruppenbild-B-250x167.jpg 250w, https:\/\/www.rwg-bayreuth.de\/home\/wp-content\/uploads\/2025\/06\/24-25-KaenguruWettbewerb-Gruppenbild-B-900x600.jpg 900w\" sizes=\"(max-width: 1024px) 100vw, 1024px\" \/><\/a> \t\t<\/div><!-- end .entry-thumbnail -->\n<div class=\"meta-main-wrap\">\n  <div class=\"\">\n    <header class=\"entry-header\">\n      <div class=\"entry-cats\">\n        <div class=\"kategorie\"><a href=\"https:\/\/www.rwg-bayreuth.de\/home\/?cat=1\" rel=\"category\">Schulleben<\/a><\/div>\n<div class=\"entry-edit\" >      <div class=\"entry-date\" >\n        <a href=\"https:\/\/www.rwg-bayreuth.de\/home\/?p=39078\">23. Mai 2025<\/a>\n      <\/div><\/div><!-- end .entry-date -->\n      <\/div><!-- end .entry-cats -->\n<h2 class=\"entry-title\"><a href=\"https:\/\/www.rwg-bayreuth.de\/home\/?p=39078\" rel=\"bookmark\">Gl\u00fcckw\u00fcnsche an die Preistr\u00e4ger beim K\u00e4nguru-Wettbewerb<\/a><\/h2>\n    <\/header><!-- end .entry-header -->\n    <div class=\"entry-summary\">\nAm 20. M\u00e4rz 2025 haben sich wieder viele unserer Sch\u00fclerinnen und Sch\u00fcler am internationalen Wettbewerb &#8222;K\u00e4nguru der Mathematik&#8220; beteiligt. Wir freuen uns, dass auch in diesem Jahr wieder etliche unsere Sch\u00fclerinnen und Sch\u00fcler die Preisr\u00e4nge erreichen konnten. Herzliche Gl\u00fcckw\u00fcnsche an die Preistr\u00e4ger: 3. Preise erzielten Elisa Schr\u00f6del (5b), Carlotta Achenbach (5c), Ben Kl\u00e4r (6a) und&hellip;\n  <\/div><!-- .entry-summary -->\n  <\/div><!-- .entry-main -->\n<\/div><!-- .meta-main-wrap -->\n<\/article><!-- end post -39078 -->\n<article id=\"post-36810\"class=\"cf post-36810 post type-post status-publish format-standard has-post-thumbnail hentry category-allgemein tag-home tag-kaenguru tag-mathematik tag-mint tag-wettbewerb\">\n \t\t<div class=\"entry-thumbnail fadein\"> \t\t\t<a href=\"https:\/\/www.rwg-bayreuth.de\/home\/?p=36810\"><img loading=\"lazy\" decoding=\"async\" width=\"1024\" height=\"683\" src=\"https:\/\/www.rwg-bayreuth.de\/home\/wp-content\/uploads\/2024\/07\/2023-24-Mathematikwettbewerbe-B.jpg\" class=\"attachment-post-thumbnail size-post-thumbnail wp-post-image\" alt=\"\" srcset=\"https:\/\/www.rwg-bayreuth.de\/home\/wp-content\/uploads\/2024\/07\/2023-24-Mathematikwettbewerbe-B.jpg 1024w, https:\/\/www.rwg-bayreuth.de\/home\/wp-content\/uploads\/2024\/07\/2023-24-Mathematikwettbewerbe-B-150x100.jpg 150w, https:\/\/www.rwg-bayreuth.de\/home\/wp-content\/uploads\/2024\/07\/2023-24-Mathematikwettbewerbe-B-450x300.jpg 450w, https:\/\/www.rwg-bayreuth.de\/home\/wp-content\/uploads\/2024\/07\/2023-24-Mathematikwettbewerbe-B-768x512.jpg 768w, https:\/\/www.rwg-bayreuth.de\/home\/wp-content\/uploads\/2024\/07\/2023-24-Mathematikwettbewerbe-B-250x167.jpg 250w, https:\/\/www.rwg-bayreuth.de\/home\/wp-content\/uploads\/2024\/07\/2023-24-Mathematikwettbewerbe-B-900x600.jpg 900w\" sizes=\"(max-width: 1024px) 100vw, 1024px\" \/><\/a> \t\t<\/div><!-- end .entry-thumbnail -->\n<div class=\"meta-main-wrap\">\n  <div class=\"\">\n    <header class=\"entry-header\">\n      <div class=\"entry-cats\">\n        <div class=\"kategorie\"><a href=\"https:\/\/www.rwg-bayreuth.de\/home\/?cat=1\" rel=\"category\">Schulleben<\/a><\/div>\n<div class=\"entry-edit\" >      <div class=\"entry-date\" >\n        <a href=\"https:\/\/www.rwg-bayreuth.de\/home\/?p=36810\">13. Juli 2024<\/a>\n      <\/div><\/div><!-- end .entry-date -->\n      <\/div><!-- end .entry-cats -->\n<h2 class=\"entry-title\"><a href=\"https:\/\/www.rwg-bayreuth.de\/home\/?p=36810\" rel=\"bookmark\">K\u00e4nguru trifft Adam Ries<\/a><\/h2>\n    <\/header><!-- end .entry-header -->\n    <div class=\"entry-summary\">\nAuch in diesem Jahr nahmen wieder zahlreiche Sch\u00fcler und Sch\u00fclerinnen an verschiedenen Mathematik Wettbewerben teil und erzielten erfreuliche Ergebnisse. In den 5.&nbsp;Klassen stellten sich in der ersten Runde erfolgreich Tiana Asarow (5c) und Emma Ibler (5c) den Aufgaben des Adam Ries Wettbewerbs. Hierbei mussten sie sich mit den W\u00e4hrungsumrechnungen aus dem Mittelalter und Wahrscheinlichkeitsrechnung auseinandersetzen.&hellip;\n  <\/div><!-- .entry-summary -->\n  <\/div><!-- .entry-main -->\n<\/div><!-- .meta-main-wrap -->\n<\/article><!-- end post -36810 -->\n<article id=\"post-33914\"class=\"cf post-33914 post type-post status-publish format-standard has-post-thumbnail hentry category-allgemein tag-home tag-kaenguru tag-mathematik tag-mint tag-wettbewerb\">\n \t\t<div class=\"entry-thumbnail fadein\"> \t\t\t<a href=\"https:\/\/www.rwg-bayreuth.de\/home\/?p=33914\"><img loading=\"lazy\" decoding=\"async\" width=\"1024\" height=\"683\" src=\"https:\/\/www.rwg-bayreuth.de\/home\/wp-content\/uploads\/2023\/05\/22-23-Kaenguru-Wettbewerb-Preistraeger.jpg\" class=\"attachment-post-thumbnail size-post-thumbnail wp-post-image\" alt=\"\" srcset=\"https:\/\/www.rwg-bayreuth.de\/home\/wp-content\/uploads\/2023\/05\/22-23-Kaenguru-Wettbewerb-Preistraeger.jpg 1024w, https:\/\/www.rwg-bayreuth.de\/home\/wp-content\/uploads\/2023\/05\/22-23-Kaenguru-Wettbewerb-Preistraeger-450x300.jpg 450w, https:\/\/www.rwg-bayreuth.de\/home\/wp-content\/uploads\/2023\/05\/22-23-Kaenguru-Wettbewerb-Preistraeger-150x100.jpg 150w, https:\/\/www.rwg-bayreuth.de\/home\/wp-content\/uploads\/2023\/05\/22-23-Kaenguru-Wettbewerb-Preistraeger-768x512.jpg 768w, https:\/\/www.rwg-bayreuth.de\/home\/wp-content\/uploads\/2023\/05\/22-23-Kaenguru-Wettbewerb-Preistraeger-250x167.jpg 250w, https:\/\/www.rwg-bayreuth.de\/home\/wp-content\/uploads\/2023\/05\/22-23-Kaenguru-Wettbewerb-Preistraeger-900x600.jpg 900w\" sizes=\"(max-width: 1024px) 100vw, 1024px\" \/><\/a> \t\t<\/div><!-- end .entry-thumbnail -->\n<div class=\"meta-main-wrap\">\n  <div class=\"\">\n    <header class=\"entry-header\">\n      <div class=\"entry-cats\">\n        <div class=\"kategorie\"><a href=\"https:\/\/www.rwg-bayreuth.de\/home\/?cat=1\" rel=\"category\">Schulleben<\/a><\/div>\n<div class=\"entry-edit\" >      <div class=\"entry-date\" >\n        <a href=\"https:\/\/www.rwg-bayreuth.de\/home\/?p=33914\">13. Mai 2023<\/a>\n      <\/div><\/div><!-- end .entry-date -->\n      <\/div><!-- end .entry-cats -->\n<h2 class=\"entry-title\"><a href=\"https:\/\/www.rwg-bayreuth.de\/home\/?p=33914\" rel=\"bookmark\">K\u00e4nguru der Mathematik \u2013 unsere Preistr\u00e4ger<\/a><\/h2>\n    <\/header><!-- end .entry-header -->\n    <div class=\"entry-summary\">\nAuch in diesem Jahr knobelten sich unsere Sch\u00fclerinnen und Sch\u00fcler der f\u00fcnften bis siebten Klassen erfolgreich durch die Aufgaben des Wettbewerbs \u201eK\u00e4nguru der Mathematik\u201c. 3. Preise erhielten Valentina Lettieri (6c), Nikita Popp (6b) und Anna D\u00f6rnh\u00f6fer (5d). \u00dcber 2. Preise durften sich Finja K\u00f6rber (7a) und Emily Nau (6c) freuen. Anton Krellner Garfia (7a) erreichte&hellip;\n  <\/div><!-- .entry-summary -->\n  <\/div><!-- .entry-main -->\n<\/div><!-- .meta-main-wrap -->\n<\/article><!-- end post -33914 -->\n<\/div><!-- end .rwg_post_list -->\n","protected":false},"excerpt":{"rendered":"<p>Am 19. M\u00e4rz 2026 macht das &#8222;K\u00e4nguru der Mathematik&#8220; am RWG halt. Das Startgeld betr\u00e4gt 2,50&nbsp;\u20ac und es wartet auf alle Teilnehmer der Erinnerungs\u00adpreis und eine Urkunde. Die Teilnehmer, welche die Sieger\u00adr\u00e4nge erreichen \u2013 und das waren in den vergangenen Jahren nicht wenige \u2013 k\u00f6nnen sich auf zus\u00e4tz\u00adliche Preise wie B\u00fccher, Spiele, Puzzles, T-Shirts und&hellip;<\/p>\n","protected":false},"author":11,"featured_media":0,"parent":14662,"menu_order":0,"comment_status":"closed","ping_status":"closed","template":"page-templates\/no-sidebar.php","meta":{"footnotes":""},"tags":[54],"_links":{"self":[{"href":"https:\/\/www.rwg-bayreuth.de\/home\/index.php?rest_route=\/wp\/v2\/pages\/12254"}],"collection":[{"href":"https:\/\/www.rwg-bayreuth.de\/home\/index.php?rest_route=\/wp\/v2\/pages"}],"about":[{"href":"https:\/\/www.rwg-bayreuth.de\/home\/index.php?rest_route=\/wp\/v2\/types\/page"}],"author":[{"embeddable":true,"href":"https:\/\/www.rwg-bayreuth.de\/home\/index.php?rest_route=\/wp\/v2\/users\/11"}],"replies":[{"embeddable":true,"href":"https:\/\/www.rwg-bayreuth.de\/home\/index.php?rest_route=%2Fwp%2Fv2%2Fcomments&post=12254"}],"version-history":[{"count":81,"href":"https:\/\/www.rwg-bayreuth.de\/home\/index.php?rest_route=\/wp\/v2\/pages\/12254\/revisions"}],"predecessor-version":[{"id":40576,"href":"https:\/\/www.rwg-bayreuth.de\/home\/index.php?rest_route=\/wp\/v2\/pages\/12254\/revisions\/40576"}],"up":[{"embeddable":true,"href":"https:\/\/www.rwg-bayreuth.de\/home\/index.php?rest_route=\/wp\/v2\/pages\/14662"}],"wp:attachment":[{"href":"https:\/\/www.rwg-bayreuth.de\/home\/index.php?rest_route=%2Fwp%2Fv2%2Fmedia&parent=12254"}],"wp:term":[{"taxonomy":"post_tag","embeddable":true,"href":"https:\/\/www.rwg-bayreuth.de\/home\/index.php?rest_route=%2Fwp%2Fv2%2Ftags&post=12254"}],"curies":[{"name":"wp","href":"https:\/\/api.w.org\/{rel}","templated":true}]}}