{"id":11611,"date":"2016-11-15T21:03:45","date_gmt":"2016-11-15T20:03:45","guid":{"rendered":"http:\/\/www.rwg-bayreuth.de\/home\/?page_id=11611"},"modified":"2017-07-27T08:21:49","modified_gmt":"2017-07-27T06:21:49","slug":"ende-der-weimarer-republik-und-drittes-reich","status":"publish","type":"page","link":"https:\/\/www.rwg-bayreuth.de\/home\/?page_id=11611","title":{"rendered":"Ende der Republik und Drittes Reich"},"content":{"rendered":"<ul class=\"linkliste\">\n<li class=\"top\"><a href=\"https:\/\/www.rwg-bayreuth.de\/home\/?p=12793\">Chronik 1933 bis 1945<\/a><\/li>\n<li><a href=\"https:\/\/www.rwg-bayreuth.de\/home\/?p=12431\">Ende der Republik und Macht\u00fcbernahme durch die Nationalsozialisten<\/a><\/li>\n<li><a href=\"https:\/\/www.rwg-bayreuth.de\/home\/?p=16049\">Schule unterm Hakenkreuz<\/a>\n<ul>\n<li><a href=\"https:\/\/www.rwg-bayreuth.de\/home\/?p=12668\">Oberstudiendirektor Heinrich Kn\u00f6rl, Schulleiter 1938 bis 1945<\/a><\/li>\n<\/ul>\n<\/li>\n<li><a href=\"https:\/\/www.rwg-bayreuth.de\/home\/?p=16850\">J\u00fcdische-christliche Symbiose 1867-1933: Ein Brief des Rabbiners Dr. Kusznitzki aus dem Jahr 1911<\/a><\/li>\n<li><a href=\"https:\/\/www.rwg-bayreuth.de\/home\/?p=12433\">Zweiter Weltkrieg<\/a>\n<ul>\n<li><a href=\"https:\/\/www.rwg-bayreuth.de\/home\/?p=15868\">\u201eSchlenkernde Handbewegungen, undeutliche Laute\u201c: Die NS-Gru\u00dfordnung von 1942<\/a><\/li>\n<li><a href=\"https:\/\/www.rwg-bayreuth.de\/home\/?p=12435\">Aufstieg zum Gymnasium und 75-Jahr Feier 1942<\/a><\/li>\n<li><a href=\"https:\/\/www.rwg-bayreuth.de\/home\/?p=12636\">Stundentafel der M\u00e4dchenoberschule 1939\/40 bis 1945<\/a><\/li>\n<li><a href=\"https:\/\/www.rwg-bayreuth.de\/home\/?p=12437\">Untergang<\/a>\n<\/ul>\n<li><a href=\"https:\/\/www.rwg-bayreuth.de\/home\/?p=15499\">Galerie: Klassen und Abschlussklassen 1933 bis 1945<\/a><\/li>\n<li><a href=\"https:\/\/www.rwg-bayreuth.de\/home\/?p=16968\">Galerie: Lehrerkollegium 1933 bis 1945<\/a><\/li>\n<\/ul>\n<\/li>\n<\/ul>\n<\/li>\n<\/ul>\n","protected":false},"excerpt":{"rendered":"<p>Chronik 1933 bis 1945 Ende der Republik und Macht\u00fcbernahme durch die Nationalsozialisten Schule unterm Hakenkreuz Oberstudiendirektor Heinrich Kn\u00f6rl, Schulleiter 1938 bis 1945 J\u00fcdische-christliche Symbiose 1867-1933: Ein Brief des Rabbiners Dr. Kusznitzki aus dem Jahr 1911 Zweiter Weltkrieg \u201eSchlenkernde Handbewegungen, undeutliche Laute\u201c: Die NS-Gru\u00dfordnung von 1942 Aufstieg zum Gymnasium und 75-Jahr Feier 1942 Stundentafel der M\u00e4dchenoberschule&hellip;<\/p>\n","protected":false},"author":1,"featured_media":0,"parent":10746,"menu_order":2,"comment_status":"closed","ping_status":"closed","template":"page-templates\/no-sidebar.php","meta":{"footnotes":""},"tags":[],"_links":{"self":[{"href":"https:\/\/www.rwg-bayreuth.de\/home\/index.php?rest_route=\/wp\/v2\/pages\/11611"}],"collection":[{"href":"https:\/\/www.rwg-bayreuth.de\/home\/index.php?rest_route=\/wp\/v2\/pages"}],"about":[{"href":"https:\/\/www.rwg-bayreuth.de\/home\/index.php?rest_route=\/wp\/v2\/types\/page"}],"author":[{"embeddable":true,"href":"https:\/\/www.rwg-bayreuth.de\/home\/index.php?rest_route=\/wp\/v2\/users\/1"}],"replies":[{"embeddable":true,"href":"https:\/\/www.rwg-bayreuth.de\/home\/index.php?rest_route=%2Fwp%2Fv2%2Fcomments&post=11611"}],"version-history":[{"count":39,"href":"https:\/\/www.rwg-bayreuth.de\/home\/index.php?rest_route=\/wp\/v2\/pages\/11611\/revisions"}],"predecessor-version":[{"id":16971,"href":"https:\/\/www.rwg-bayreuth.de\/home\/index.php?rest_route=\/wp\/v2\/pages\/11611\/revisions\/16971"}],"up":[{"embeddable":true,"href":"https:\/\/www.rwg-bayreuth.de\/home\/index.php?rest_route=\/wp\/v2\/pages\/10746"}],"wp:attachment":[{"href":"https:\/\/www.rwg-bayreuth.de\/home\/index.php?rest_route=%2Fwp%2Fv2%2Fmedia&parent=11611"}],"wp:term":[{"taxonomy":"post_tag","embeddable":true,"href":"https:\/\/www.rwg-bayreuth.de\/home\/index.php?rest_route=%2Fwp%2Fv2%2Ftags&post=11611"}],"curies":[{"name":"wp","href":"https:\/\/api.w.org\/{rel}","templated":true}]}}