{"id":11608,"date":"2016-11-15T20:58:48","date_gmt":"2016-11-15T19:58:48","guid":{"rendered":"http:\/\/www.rwg-bayreuth.de\/home\/?page_id=11608"},"modified":"2017-08-06T12:00:52","modified_gmt":"2017-08-06T10:00:52","slug":"kaiserzeit-erster-weltkrieg-und-weimarer-republik","status":"publish","type":"page","link":"https:\/\/www.rwg-bayreuth.de\/home\/?page_id=11608","title":{"rendered":"Kaiserzeit, Erster Weltkrieg und Weimarer Republik"},"content":{"rendered":"<ul class=\"linkliste\">\n<li class=\"top\"><a href=\"https:\/\/www.rwg-bayreuth.de\/home\/?p=12696\">Chronik 1903 bis 1933<\/a><\/li>\n<li><a href=\"https:\/\/www.rwg-bayreuth.de\/home\/?p=12742\">Die Schulzucht von 1896: Ordnung und Sittsamkeit<\/a><\/li>\n<li><a href=\"https:\/\/www.rwg-bayreuth.de\/home\/?p=13421\">&#8222;K\u00f6rpertheile mit willk\u00fcrlichen Ver\u00e4nderungen&#8220;: Wespentaille 1888, Reformkleidung 1901<\/a><\/li>\n<li><a href=\"https:\/\/www.rwg-bayreuth.de\/home\/?p=12369\">Schul- und Unterrichtsreformen nach 1900: Physik, Chemie und der erste Schulabschluss<\/a>\n<ul>\n<li><a href=\"https:\/\/www.rwg-bayreuth.de\/home\/?p=12626\">Stundentafel der h\u00f6heren T\u00f6chterschule ab 1900\/1901<\/a><\/li>\n<li><a href=\"https:\/\/www.rwg-bayreuth.de\/home\/?p=12629\">Stundentafel der h\u00f6heren M\u00e4dchenschule ab 1910\/11<\/a><\/li>\n<\/ul>\n<\/li>\n<li><a href=\"https:\/\/www.rwg-bayreuth.de\/home\/?p=12372\">\u00dcbergabe an die Stadt 1903 und Schulbau 1908<\/a>\n<ul>\n<li><a href=\"https:\/\/www.rwg-bayreuth.de\/home\/?p=12421\">Schulrat Karl Kesselring, Schulleiter 1898 bis 1913<\/a><\/li>\n<\/ul>\n<\/li>\n<li><a href=\"https:\/\/www.rwg-bayreuth.de\/home\/?p=12375\">Die Schule im Kaiserreich<\/a>\n<ul>\n<li><a href=\"https:\/\/www.rwg-bayreuth.de\/home\/?p=16685\">Exponate der naturwissenschaftlich-technischen Sammlungen 1900 bis 1949<\/a><\/li>\n<li><a href=\"https:\/\/www.rwg-bayreuth.de\/home\/?p=13345\">Tanzkurs-Trouble 1905<\/a><\/li>\n<li><a href=\"https:\/\/www.rwg-bayreuth.de\/home\/?p=12590\">Das Lehrerkollegium im Jahr 1910<\/a><\/li>\n<li><a href=\"https:\/\/www.rwg-bayreuth.de\/home\/?p=13111\">Der Kampf um die Sch\u00fclerm\u00fctze 1912<\/a><\/li>\n<li><a href=\"https:\/\/www.rwg-bayreuth.de\/home\/?p=13235\">Pedalritterinnen mit syrischem Unterkleid 1912\/13<\/a><\/li>\n<li><a href=\"https:\/\/www.rwg-bayreuth.de\/home\/?p=12663\">Oberstudiendirektor Gustav Pauli, Schulleiter 1913 bis 1938<\/a><\/li>\n<\/ul>\n<\/li>\n<li><a href=\"https:\/\/www.rwg-bayreuth.de\/home\/?p=12378\">Kriegsausbruch 1914<\/a>\n<ul>\n<li><a href=\"https:\/\/www.rwg-bayreuth.de\/home\/?p=16622\">\u201eGold gab ich f\u00fcr Eisen\u201c: Die h\u00f6heren T\u00f6chter ziehen in den Krieg<\/a><\/li>\n<li><a href=\"https:\/\/www.rwg-bayreuth.de\/home\/?p=15379\">Kriegsjahre, Hungerjahre: Eine Postkarte aus dem Jahr 1916<\/a><\/li>\n<li><a href=\"https:\/\/www.rwg-bayreuth.de\/home\/?p=16778\">Bl\u00e4tter aus dem Kunstunterricht 1916\/17<\/a><\/li>\n<\/ul>\n<\/li>\n<li><a href=\"https:\/\/www.rwg-bayreuth.de\/home\/?p=12381\">Lyzeum in der Weimarer Republik<\/a>\n<ul>\n<li><a href=\"https:\/\/www.rwg-bayreuth.de\/home\/?p=13010\">Die Bilderserie aus dem Schuljahr 1919\/20<\/a><\/li>\n<li><a href=\"https:\/\/www.rwg-bayreuth.de\/home\/?p=16520\">Von unnachahmlicher W\u00fcrde: Hausmeister Peter Baierlein 1913 bis 1940<\/a><\/li>\n<li><a href=\"https:\/\/www.rwg-bayreuth.de\/home\/?p=16351\">Alles selber machen: Oberlehrer Karl Pfaffenberger<\/a><\/li>\n<li><a href=\"https:\/\/www.rwg-bayreuth.de\/home\/?p=15660\">&#8222;&#8230;eine Unmenge geistiger und handwerklicher Arbeit&#8220;: Das Puppentheater der Schule 1920 bis 1939<\/a><\/li>\n<li><a href=\"https:\/\/www.rwg-bayreuth.de\/home\/?p=15676\">Galerie: Figuren des Puppentheaters 1920 bis 1939<\/a><\/li>\n<\/ul>\n<\/li>\n<li style=\"list-style-type: none;\">\n<ul>\n<li><a href=\"https:\/\/www.rwg-bayreuth.de\/home\/?p=12633\">Stundentafel des M\u00e4dchenlyzeums 1924 bis 1926 und 1930 bis 1939<\/a><\/li>\n<\/ul>\n<\/li>\n<li><a href=\"https:\/\/www.rwg-bayreuth.de\/home\/?p=15484\">Galerie: Klassen und Abschlussklassen 1903 bis 1918<\/a><\/li>\n<li><a href=\"https:\/\/www.rwg-bayreuth.de\/home\/?p=15641\">Galerie: Klassen und Abschlussklassen 1918 bis 1933<\/a><\/li>\n<li><a href=\"https:\/\/www.rwg-bayreuth.de\/home\/?p=15721\">Galerie: Lehrerkollegium 1918 bis 1933<\/a><\/li>\n<\/ul>\n","protected":false},"excerpt":{"rendered":"<p>Chronik 1903 bis 1933 Die Schulzucht von 1896: Ordnung und Sittsamkeit &#8222;K\u00f6rpertheile mit willk\u00fcrlichen Ver\u00e4nderungen&#8220;: Wespentaille 1888, Reformkleidung 1901 Schul- und Unterrichtsreformen nach 1900: Physik, Chemie und der erste Schulabschluss Stundentafel der h\u00f6heren T\u00f6chterschule ab 1900\/1901 Stundentafel der h\u00f6heren M\u00e4dchenschule ab 1910\/11 \u00dcbergabe an die Stadt 1903 und Schulbau 1908 Schulrat Karl Kesselring, Schulleiter 1898&hellip;<\/p>\n","protected":false},"author":1,"featured_media":0,"parent":10746,"menu_order":1,"comment_status":"closed","ping_status":"closed","template":"page-templates\/no-sidebar.php","meta":{"footnotes":""},"tags":[],"_links":{"self":[{"href":"https:\/\/www.rwg-bayreuth.de\/home\/index.php?rest_route=\/wp\/v2\/pages\/11608"}],"collection":[{"href":"https:\/\/www.rwg-bayreuth.de\/home\/index.php?rest_route=\/wp\/v2\/pages"}],"about":[{"href":"https:\/\/www.rwg-bayreuth.de\/home\/index.php?rest_route=\/wp\/v2\/types\/page"}],"author":[{"embeddable":true,"href":"https:\/\/www.rwg-bayreuth.de\/home\/index.php?rest_route=\/wp\/v2\/users\/1"}],"replies":[{"embeddable":true,"href":"https:\/\/www.rwg-bayreuth.de\/home\/index.php?rest_route=%2Fwp%2Fv2%2Fcomments&post=11608"}],"version-history":[{"count":90,"href":"https:\/\/www.rwg-bayreuth.de\/home\/index.php?rest_route=\/wp\/v2\/pages\/11608\/revisions"}],"predecessor-version":[{"id":17076,"href":"https:\/\/www.rwg-bayreuth.de\/home\/index.php?rest_route=\/wp\/v2\/pages\/11608\/revisions\/17076"}],"up":[{"embeddable":true,"href":"https:\/\/www.rwg-bayreuth.de\/home\/index.php?rest_route=\/wp\/v2\/pages\/10746"}],"wp:attachment":[{"href":"https:\/\/www.rwg-bayreuth.de\/home\/index.php?rest_route=%2Fwp%2Fv2%2Fmedia&parent=11608"}],"wp:term":[{"taxonomy":"post_tag","embeddable":true,"href":"https:\/\/www.rwg-bayreuth.de\/home\/index.php?rest_route=%2Fwp%2Fv2%2Ftags&post=11608"}],"curies":[{"name":"wp","href":"https:\/\/api.w.org\/{rel}","templated":true}]}}