{"id":11602,"date":"2016-11-15T20:53:39","date_gmt":"2016-11-15T19:53:39","guid":{"rendered":"http:\/\/www.rwg-bayreuth.de\/home\/?page_id=11602"},"modified":"2017-06-09T21:09:59","modified_gmt":"2017-06-09T19:09:59","slug":"gruenderjahre","status":"publish","type":"page","link":"https:\/\/www.rwg-bayreuth.de\/home\/?page_id=11602","title":{"rendered":"Gr\u00fcnderjahre"},"content":{"rendered":"<ul class=\"linkliste\">\n<li class=\"top\"><a href=\"https:\/\/www.rwg-bayreuth.de\/home\/?p=12681\">Chronik 1867 bis 1903<\/a><\/li>\n<li><a href=\"https:\/\/www.rwg-bayreuth.de\/home\/?p=12279\">Zum Stand der M\u00e4dchenbildung im 19. Jahrhundert<\/a><\/li>\n<li><a href=\"https:\/\/www.rwg-bayreuth.de\/home\/?p=12282\">Die Gr\u00fcnderv\u00e4ter und ihr Werk<\/a>\n<ul>\n<li><a href=\"https:\/\/www.rwg-bayreuth.de\/home\/?p=12301\">Director der Mechanischen Spinnerey und Schulgr\u00fcnder Carl Kolb<\/a><\/li>\n<li><a href=\"https:\/\/www.rwg-bayreuth.de\/home\/?p=12325\">Der Unterrichtsrath von 1867<\/a><\/li>\n<li><a href=\"https:\/\/www.rwg-bayreuth.de\/home\/?p=12401\">Die Statuten der Schule<\/a><\/li>\n<li><a href=\"https:\/\/www.rwg-bayreuth.de\/home\/?p=12332\">Georg Grossmann, erster Schulleiter 1867 bis 1893<\/a><\/li>\n<li><a href=\"https:\/\/www.rwg-bayreuth.de\/home\/?p=12601\">Georg Heidner, zweiter Schulleiter 1893 bis 1898<\/a><\/li>\n<\/ul>\n<\/li>\n<li><a href=\"https:\/\/www.rwg-bayreuth.de\/home\/?p=12292\">Die Unterrichtsf\u00e4cher bei der Schulgr\u00fcndung<\/a>\n<ul>\n<li><a href=\"https:\/\/www.rwg-bayreuth.de\/home\/?p=13635\">Turnunterricht seit 1868: &#8222;Gr\u00f6\u00dfte Vorsicht bei der Auswahl der m\u00e4nnlichen Lehrkr\u00e4fte!&#8220;<\/a><\/li>\n<li><a href=\"https:\/\/www.rwg-bayreuth.de\/home\/?p=15398\">\u201eM\u00fcdigkeit und Erschlaffung\u201c: Dispensantr\u00e4ge 1867 bis 1903<\/a><\/li>\n<li><a href=\"https:\/\/www.rwg-bayreuth.de\/home\/?p=15749\">\u201e\u2026 hierzu freie meublierte Wohnung und Beheizung\u201c: Das Schicksal der Fr\u00e4ulein Lehrerinnen<\/a><\/li>\n<li><a href=\"https:\/\/www.rwg-bayreuth.de\/home\/?p=15959\">Die \u201eweiblichen\u201c F\u00e4cher der M\u00e4dchenschule: N\u00e4hen, Sticken und ein wenig Kochen<\/a><\/li>\n<\/ul>\n<\/li>\n<li><a href=\"https:\/\/www.rwg-bayreuth.de\/home\/?p=12287\">Die ersten Unterrichtsr\u00e4ume<\/a><\/li>\n<li><a href=\"https:\/\/www.rwg-bayreuth.de\/home\/?p=15468\">Galerie: Klassen und Abschlussklassen 1867 bis 1903<\/a><\/li>\n<\/ul>\n","protected":false},"excerpt":{"rendered":"<p>Chronik 1867 bis 1903 Zum Stand der M\u00e4dchenbildung im 19. Jahrhundert Die Gr\u00fcnderv\u00e4ter und ihr Werk Director der Mechanischen Spinnerey und Schulgr\u00fcnder Carl Kolb Der Unterrichtsrath von 1867 Die Statuten der Schule Georg Grossmann, erster Schulleiter 1867 bis 1893 Georg Heidner, zweiter Schulleiter 1893 bis 1898 Die Unterrichtsf\u00e4cher bei der Schulgr\u00fcndung Turnunterricht seit 1868: &#8222;Gr\u00f6\u00dfte&hellip;<\/p>\n","protected":false},"author":1,"featured_media":0,"parent":10746,"menu_order":0,"comment_status":"closed","ping_status":"closed","template":"page-templates\/no-sidebar.php","meta":{"footnotes":""},"tags":[],"_links":{"self":[{"href":"https:\/\/www.rwg-bayreuth.de\/home\/index.php?rest_route=\/wp\/v2\/pages\/11602"}],"collection":[{"href":"https:\/\/www.rwg-bayreuth.de\/home\/index.php?rest_route=\/wp\/v2\/pages"}],"about":[{"href":"https:\/\/www.rwg-bayreuth.de\/home\/index.php?rest_route=\/wp\/v2\/types\/page"}],"author":[{"embeddable":true,"href":"https:\/\/www.rwg-bayreuth.de\/home\/index.php?rest_route=\/wp\/v2\/users\/1"}],"replies":[{"embeddable":true,"href":"https:\/\/www.rwg-bayreuth.de\/home\/index.php?rest_route=%2Fwp%2Fv2%2Fcomments&post=11602"}],"version-history":[{"count":104,"href":"https:\/\/www.rwg-bayreuth.de\/home\/index.php?rest_route=\/wp\/v2\/pages\/11602\/revisions"}],"predecessor-version":[{"id":15987,"href":"https:\/\/www.rwg-bayreuth.de\/home\/index.php?rest_route=\/wp\/v2\/pages\/11602\/revisions\/15987"}],"up":[{"embeddable":true,"href":"https:\/\/www.rwg-bayreuth.de\/home\/index.php?rest_route=\/wp\/v2\/pages\/10746"}],"wp:attachment":[{"href":"https:\/\/www.rwg-bayreuth.de\/home\/index.php?rest_route=%2Fwp%2Fv2%2Fmedia&parent=11602"}],"wp:term":[{"taxonomy":"post_tag","embeddable":true,"href":"https:\/\/www.rwg-bayreuth.de\/home\/index.php?rest_route=%2Fwp%2Fv2%2Ftags&post=11602"}],"curies":[{"name":"wp","href":"https:\/\/api.w.org\/{rel}","templated":true}]}}