{"id":113,"date":"2012-01-17T20:22:02","date_gmt":"2012-01-17T19:22:02","guid":{"rendered":"http:\/\/www.rwg-bayreuth.de\/home\/?page_id=113"},"modified":"2026-04-22T20:26:17","modified_gmt":"2026-04-22T18:26:17","slug":"formulare","status":"publish","type":"page","link":"https:\/\/www.rwg-bayreuth.de\/home\/?page_id=113","title":{"rendered":"Formulare"},"content":{"rendered":"<p><!--\n\n<h6 style=\"margin-bottom: 10px\">Hier finden Sie wichtige Formulare zum Download:<\/h6>\n\n--><\/p>\n<h5>Krankheitsanzeige<\/h5>\n<p>Ist ein Sch\u00fcler aus zwingenden Gr\u00fcnden verhindert, die Schule zu besuchen (z.&nbsp;B. Krankheit), so ist er unverz\u00fcglich \u00fcber das <a href=\"https:\/\/riwagybay.eltern-portal.org\/\">Eltern-Portal<\/a> oder telefonisch zu entschuldigen. Das Sekretariat ist zwischen 7:30 Uhr und 16:00 Uhr telefonisch erreichbar (<a href=\"tel:+49921759850\">0921&nbsp;75985-0<\/a>). Entschuldigungen k\u00f6nnen auch auf den Anrufbeantworter gesprochen, per Mail (verwaltung@rwg-bayreuth.de) oder per Fax \u00fcbermittelt werden (0921&nbsp;75985-30). Erfolgte die Krankmeldung <strong>nicht<\/strong> \u00fcber das Elternportal, so ist eine schriftliche Entschuldigung nachzureichen. Hier finden Sie einen Vordruck<\/p>\n<ul class=\"linkliste\">\n<li><a href='https:\/\/www.rwg-bayreuth.de\/home\/wp-content\/uploads\/2012\/01\/Krankheitsbestt_1x.pdf'>Krankheitsbest\u00e4tigung 1x<\/a><\/li>\n<li><a href='https:\/\/www.rwg-bayreuth.de\/home\/wp-content\/uploads\/2012\/01\/Krankheitsbestt_4x.pdf'>Krankheitsbest\u00e4tigung 4x<\/a><\/li>\n<\/ul>\n<h5>Unfallmeldung<\/h5>\n<p>Unf\u00e4lle in der Schule oder auf dem Schulweg m\u00fcssen gemeldet werden, weil es hierf\u00fcr eine eigene Versicherung gibt.<\/p>\n<ul class=\"linkliste\">\n<li><a href='https:\/\/www.rwg-bayreuth.de\/home\/wp-content\/uploads\/2012\/01\/Unfallanzeige.pdf'>Unfallanzeige<\/a><\/li>\n<\/ul>\n<h5>Kostenfreier Schulweg<\/h5>\n<p>Informationen und Links zu den Antr\u00e4gen zum kostenfreien Schulweg finden sich auf unserer \u00dcbertritt-Seite unter <a href=\"https:\/\/www.rwg-bayreuth.de\/home\/?page_id=18424#kostenfreierSchulweg\">KOSTENFREIER SCHULWEG<\/a>.<\/p>\n<h5>Ehrenamtliche T\u00e4tigkeiten<\/h5>\n<p>Ehrenamtliche T\u00e4tigkeiten k\u00f6nnen bescheinigt und als Beiblatt dem Zeugnis beigef\u00fcgt werden. In Frage kommen z.B. T\u00e4tigkeiten bei einer der Kirchen, im karitativen Bereich, bei der Feuerwehr oder als \u00dcbungsleiter bei einem Verein.<\/p>\n<ul class=\"linkliste\">\n<li><a href='https:\/\/www.rwg-bayreuth.de\/home\/wp-content\/uploads\/2026\/03\/Ehrenamtl_Taetigkeit-1.pdf'>Beiblatt Ehrenamtliche T\u00e4tigkeit<\/a><\/li>\n<\/ul>\n<p><!--\n<span style=\"margin-top:10000px\">\n[contact-form-7 id=\"4935\" title=\"Krankmeldung\"]\n<\/span>\n--><\/p>\n","protected":false},"excerpt":{"rendered":"<p>Krankheitsanzeige Ist ein Sch\u00fcler aus zwingenden Gr\u00fcnden verhindert, die Schule zu besuchen (z.&nbsp;B. Krankheit), so ist er unverz\u00fcglich \u00fcber das Eltern-Portal oder telefonisch zu entschuldigen. Das Sekretariat ist zwischen 7:30 Uhr und 16:00 Uhr telefonisch erreichbar (0921&nbsp;75985-0). Entschuldigungen k\u00f6nnen auch auf den Anrufbeantworter gesprochen, per Mail (verwaltung@rwg-bayreuth.de) oder per Fax \u00fcbermittelt werden (0921&nbsp;75985-30). Erfolgte die&hellip;<\/p>\n","protected":false},"author":1,"featured_media":0,"parent":7,"menu_order":65,"comment_status":"closed","ping_status":"closed","template":"page-templates\/no-sidebar.php","meta":{"footnotes":""},"tags":[],"_links":{"self":[{"href":"https:\/\/www.rwg-bayreuth.de\/home\/index.php?rest_route=\/wp\/v2\/pages\/113"}],"collection":[{"href":"https:\/\/www.rwg-bayreuth.de\/home\/index.php?rest_route=\/wp\/v2\/pages"}],"about":[{"href":"https:\/\/www.rwg-bayreuth.de\/home\/index.php?rest_route=\/wp\/v2\/types\/page"}],"author":[{"embeddable":true,"href":"https:\/\/www.rwg-bayreuth.de\/home\/index.php?rest_route=\/wp\/v2\/users\/1"}],"replies":[{"embeddable":true,"href":"https:\/\/www.rwg-bayreuth.de\/home\/index.php?rest_route=%2Fwp%2Fv2%2Fcomments&post=113"}],"version-history":[{"count":42,"href":"https:\/\/www.rwg-bayreuth.de\/home\/index.php?rest_route=\/wp\/v2\/pages\/113\/revisions"}],"predecessor-version":[{"id":41255,"href":"https:\/\/www.rwg-bayreuth.de\/home\/index.php?rest_route=\/wp\/v2\/pages\/113\/revisions\/41255"}],"up":[{"embeddable":true,"href":"https:\/\/www.rwg-bayreuth.de\/home\/index.php?rest_route=\/wp\/v2\/pages\/7"}],"wp:attachment":[{"href":"https:\/\/www.rwg-bayreuth.de\/home\/index.php?rest_route=%2Fwp%2Fv2%2Fmedia&parent=113"}],"wp:term":[{"taxonomy":"post_tag","embeddable":true,"href":"https:\/\/www.rwg-bayreuth.de\/home\/index.php?rest_route=%2Fwp%2Fv2%2Ftags&post=113"}],"curies":[{"name":"wp","href":"https:\/\/api.w.org\/{rel}","templated":true}]}}