{"id":11141,"date":"2016-11-05T09:06:46","date_gmt":"2016-11-05T08:06:46","guid":{"rendered":"http:\/\/www.rwg-bayreuth.de\/home\/?page_id=11141"},"modified":"2022-02-17T14:39:42","modified_gmt":"2022-02-17T13:39:42","slug":"die_geschichte_des_rwg","status":"publish","type":"page","link":"https:\/\/www.rwg-bayreuth.de\/home\/?page_id=11141","title":{"rendered":"Die Geschichte des RWG"},"content":{"rendered":"<p><a href=\"https:\/\/www.rwg-bayreuth.de\/home\/wp-content\/uploads\/2016\/11\/postkarte.jpg\"><img loading=\"lazy\" decoding=\"async\" src=\"https:\/\/www.rwg-bayreuth.de\/home\/wp-content\/uploads\/2016\/11\/postkarte.jpg\" alt=\"postkarte\" width=\"999\" height=\"506\" class=\"aligncenter size-full wp-image-11587\"><\/a><br \/>\nIm Oktober 2017 feierte das RWG sein einhundertf\u00fcnfzigj\u00e4hriges Bestehen: 1867 wurde die Schule gegr\u00fcndet.<\/p>\n<p>Die Schule hat in dieser 150j\u00e4hrigen Geschichte eine facettenreiche Entwicklung durchlaufen. Am Beginn stand die Chancengleichheit f\u00fcr M\u00e4dchen, dann kam zur sozialen \u00d6ffnung und zur Etablierung als einer der weiterf\u00fchrenden Schulen in Bayreuth. Heute pr\u00e4gen die Erziehung zu internationalen Partnerschaften in einer globalisierten Welt und zu einem Handeln in sozialer Verantwortung den Unterricht. Dies kennzeichnet den langen Weg von einer Einrichtung f\u00fcr &#8222;h\u00f6here&#8220; T\u00f6chter zu einem modernen Gymnasium. Diese Entwicklung macht auch deutlich, welche gro\u00dfen Fortschritte das Verst\u00e4ndnis von Bildung und das Bildungswesen in den letzten 150 Jahren genommen haben.<\/p>\n<p>Auf der Website finden Sie umfangreiche Informationen zur Schulgeschichte und R\u00fcckblicke auf die Jubli\u00e4umsfeiern.<\/p>\n<ul class=\"su-subpages linkliste\"><li class=\"page_item page-item-10746 page_item_has_children\"><a href=\"https:\/\/www.rwg-bayreuth.de\/home\/?page_id=10746\">150 Jahre RWG: Chronik &#8211; Texte &#8211; Bilder<\/a><\/li>\n<li class=\"page_item page-item-17731 page_item_has_children\"><a href=\"https:\/\/www.rwg-bayreuth.de\/home\/?page_id=17731\">Alle Berichte zu den Veran&shy;staltungen unseres Schuljubil\u00e4ums<\/a><\/li>\n<li class=\"page_item page-item-8398\"><a href=\"https:\/\/www.rwg-bayreuth.de\/home\/?page_id=8398\">50 Jahre SWG 1965-2015<\/a><\/li>\n<\/ul>\n<p><!--\n\n<ul class=\"linkliste\">\n \t\n\n<li class=\"top\"><a href=\"https:\/\/www.rwg-bayreuth.de\/home\/?page_id=17731\">Berichte zu den Veranstaltungen unseres Schuljubil\u00e4ums<\/a><\/li>\n\n\n \t\n\n<li><a href=\"https:\/\/www.rwg-bayreuth.de\/home\/?page_id=10746\">150 Jahre RWG: Chronik - Texte - Bilder<\/a><\/li>\n\n\n<\/ul>\n\n--><\/p>\n","protected":false},"excerpt":{"rendered":"<p>Im Oktober 2017 feierte das RWG sein einhundertf\u00fcnfzigj\u00e4hriges Bestehen: 1867 wurde die Schule gegr\u00fcndet. Die Schule hat in dieser 150j\u00e4hrigen Geschichte eine facettenreiche Entwicklung durchlaufen. Am Beginn stand die Chancengleichheit f\u00fcr M\u00e4dchen, dann kam zur sozialen \u00d6ffnung und zur Etablierung als einer der weiterf\u00fchrenden Schulen in Bayreuth. Heute pr\u00e4gen die Erziehung zu internationalen Partnerschaften in&hellip;<\/p>\n","protected":false},"author":1,"featured_media":0,"parent":11132,"menu_order":130,"comment_status":"closed","ping_status":"closed","template":"page-templates\/no-sidebar.php","meta":{"footnotes":""},"tags":[],"_links":{"self":[{"href":"https:\/\/www.rwg-bayreuth.de\/home\/index.php?rest_route=\/wp\/v2\/pages\/11141"}],"collection":[{"href":"https:\/\/www.rwg-bayreuth.de\/home\/index.php?rest_route=\/wp\/v2\/pages"}],"about":[{"href":"https:\/\/www.rwg-bayreuth.de\/home\/index.php?rest_route=\/wp\/v2\/types\/page"}],"author":[{"embeddable":true,"href":"https:\/\/www.rwg-bayreuth.de\/home\/index.php?rest_route=\/wp\/v2\/users\/1"}],"replies":[{"embeddable":true,"href":"https:\/\/www.rwg-bayreuth.de\/home\/index.php?rest_route=%2Fwp%2Fv2%2Fcomments&post=11141"}],"version-history":[{"count":35,"href":"https:\/\/www.rwg-bayreuth.de\/home\/index.php?rest_route=\/wp\/v2\/pages\/11141\/revisions"}],"predecessor-version":[{"id":26750,"href":"https:\/\/www.rwg-bayreuth.de\/home\/index.php?rest_route=\/wp\/v2\/pages\/11141\/revisions\/26750"}],"up":[{"embeddable":true,"href":"https:\/\/www.rwg-bayreuth.de\/home\/index.php?rest_route=\/wp\/v2\/pages\/11132"}],"wp:attachment":[{"href":"https:\/\/www.rwg-bayreuth.de\/home\/index.php?rest_route=%2Fwp%2Fv2%2Fmedia&parent=11141"}],"wp:term":[{"taxonomy":"post_tag","embeddable":true,"href":"https:\/\/www.rwg-bayreuth.de\/home\/index.php?rest_route=%2Fwp%2Fv2%2Ftags&post=11141"}],"curies":[{"name":"wp","href":"https:\/\/api.w.org\/{rel}","templated":true}]}}