{"id":11132,"date":"2016-11-05T08:51:01","date_gmt":"2016-11-05T07:51:01","guid":{"rendered":"http:\/\/www.rwg-bayreuth.de\/home\/?page_id=11132"},"modified":"2023-09-28T21:51:55","modified_gmt":"2023-09-28T19:51:55","slug":"schule-als-partner","status":"publish","type":"page","link":"https:\/\/www.rwg-bayreuth.de\/home\/?page_id=11132","title":{"rendered":"Schulprofil"},"content":{"rendered":"<p><!--<a href=\"https:\/\/www.rwg-bayreuth.de\/home\/wp-content\/uploads\/2016\/11\/16-Homepage-K\u00fcmmern-ohne-Text.jpg\"><img loading=\"lazy\" decoding=\"async\" class=\"aligncenter size-full wp-image-11547\" src=\"https:\/\/www.rwg-bayreuth.de\/home\/wp-content\/uploads\/2016\/11\/16-Homepage-K\u00fcmmern-ohne-Text.jpg\" alt=\"16-homepage-kuemmern-ohne-text\" width=\"1024\" height=\"519\" srcset=\"https:\/\/www.rwg-bayreuth.de\/home\/wp-content\/uploads\/2016\/11\/16-Homepage-K\u00fcmmern-ohne-Text.jpg 1024w, https:\/\/www.rwg-bayreuth.de\/home\/wp-content\/uploads\/2016\/11\/16-Homepage-K\u00fcmmern-ohne-Text-150x76.jpg 150w, https:\/\/www.rwg-bayreuth.de\/home\/wp-content\/uploads\/2016\/11\/16-Homepage-K\u00fcmmern-ohne-Text-450x228.jpg 450w, https:\/\/www.rwg-bayreuth.de\/home\/wp-content\/uploads\/2016\/11\/16-Homepage-K\u00fcmmern-ohne-Text-768x389.jpg 768w, https:\/\/www.rwg-bayreuth.de\/home\/wp-content\/uploads\/2016\/11\/16-Homepage-K\u00fcmmern-ohne-Text-250x127.jpg 250w\" sizes=\"(max-width: 1024px) 100vw, 1024px\" \/><\/a>\n\n\n<h1 class=\"blau\">\"Wir k\u00fcmmern uns!\"<\/h1>\n\n\n&nbsp;--><!--\n\nSch\u00fcler, Eltern und Lehrer sollen bei uns gleichberechtigte Partner sein. F\u00fcr jede Sch\u00fclerin und f\u00fcr jeden Sch\u00fcler gibt es besondere F\u00f6rderm\u00f6glichkeiten, sowohl f\u00fcr ihre St\u00e4rken wie auch f\u00fcr ihre Schw\u00e4chen.--><\/p>\n<ul class=\"su-subpages linkliste\"><li class=\"page_item page-item-40342\"><a href=\"https:\/\/www.rwg-bayreuth.de\/home\/?page_id=40342\">Leitbild<\/a><\/li>\n<li class=\"page_item page-item-29773\"><a href=\"https:\/\/www.rwg-bayreuth.de\/home\/?page_id=29773\">Profile der 5.&nbsp;Klassen<\/a><\/li>\n<li class=\"page_item page-item-79 page_item_has_children\"><a href=\"https:\/\/www.rwg-bayreuth.de\/home\/?page_id=79\">Ausbildungsrichtungen<\/a>\n<ul class='children'>\n\t<li class=\"page_item page-item-22826\"><a href=\"https:\/\/www.rwg-bayreuth.de\/home\/?page_id=22826\">Stundentafeln am RWG<\/a><\/li>\n<\/ul>\n<\/li>\n<li class=\"page_item page-item-33592\"><a href=\"https:\/\/www.rwg-bayreuth.de\/home\/?page_id=33592\">Individuelle Lernzeitverk\u00fcrzung (ILV)<\/a><\/li>\n<li class=\"page_item page-item-41312\"><a href=\"https:\/\/www.rwg-bayreuth.de\/home\/?page_id=41312\">MODUS-Schule<\/a><\/li>\n<li class=\"page_item page-item-6833 page_item_has_children\"><a href=\"https:\/\/www.rwg-bayreuth.de\/home\/?page_id=6833\">MINT-Schule<\/a>\n<ul class='children'>\n\t<li class=\"page_item page-item-6669 page_item_has_children\"><a href=\"https:\/\/www.rwg-bayreuth.de\/home\/?page_id=6669\">MINT-Fachbereiche<\/a><\/li>\n\t<li class=\"page_item page-item-6673\"><a href=\"https:\/\/www.rwg-bayreuth.de\/home\/?page_id=6673\">Aktuelles aus den MINT-F\u00e4chern<\/a><\/li>\n\t<li class=\"page_item page-item-6677\"><a href=\"https:\/\/www.rwg-bayreuth.de\/home\/?page_id=6677\">MINT-Wahlf\u00e4cher und AGs<\/a><\/li>\n\t<li class=\"page_item page-item-6679 page_item_has_children\"><a href=\"https:\/\/www.rwg-bayreuth.de\/home\/?page_id=6679\">MINT-Wettbewerbe<\/a><\/li>\n\t<li class=\"page_item page-item-6683\"><a href=\"https:\/\/www.rwg-bayreuth.de\/home\/?page_id=6683\">MINT-Projekte<\/a><\/li>\n\t<li class=\"page_item page-item-6681 page_item_has_children\"><a href=\"https:\/\/www.rwg-bayreuth.de\/home\/?page_id=6681\">MINT-F\u00f6rderung<\/a><\/li>\n\t<li class=\"page_item page-item-6685\"><a href=\"https:\/\/www.rwg-bayreuth.de\/home\/?page_id=6685\">MINT-Kooperationen<\/a><\/li>\n\t<li class=\"page_item page-item-6687\"><a href=\"https:\/\/www.rwg-bayreuth.de\/home\/?page_id=6687\">MINT-Seminare<\/a><\/li>\n<\/ul>\n<\/li>\n<li class=\"page_item page-item-35330\"><a href=\"https:\/\/www.rwg-bayreuth.de\/home\/?page_id=35330\">Umweltschule<\/a><\/li>\n<li class=\"page_item page-item-35156 page_item_has_children\"><a href=\"https:\/\/www.rwg-bayreuth.de\/home\/?page_id=35156\">Digitale Schule<\/a>\n<ul class='children'>\n\t<li class=\"page_item page-item-35088\"><a href=\"https:\/\/www.rwg-bayreuth.de\/home\/?page_id=35088\">Digitale Schule der Zukunft (DSdZ)<\/a><\/li>\n\t<li class=\"page_item page-item-28398\"><a href=\"https:\/\/www.rwg-bayreuth.de\/home\/?page_id=28398\">Digitales Lernen am RWG<\/a><\/li>\n\t<li class=\"page_item page-item-38071\"><a href=\"https:\/\/www.rwg-bayreuth.de\/home\/?page_id=38071\">KI@RWG<\/a><\/li>\n\t<li class=\"page_item page-item-36747\"><a href=\"https:\/\/www.rwg-bayreuth.de\/home\/?page_id=36747\">H\u00e4ufige Fragen zum tabletgest\u00fctzten Unterricht am RWG<\/a><\/li>\n<\/ul>\n<\/li>\n<li class=\"page_item page-item-19779\"><a href=\"https:\/\/www.rwg-bayreuth.de\/home\/?page_id=19779\">Das RWG \u2013 ohne Rassismus, aber mit Courage<\/a><\/li>\n<li class=\"page_item page-item-34916\"><a href=\"https:\/\/www.rwg-bayreuth.de\/home\/?page_id=34916\">fit<span style=\"font-size: 1.2em; position: relative; line-height: 0; vertical-align: baseline; bottom: -0.25em;\">4<\/span>future<\/a><\/li>\n<li class=\"page_item page-item-2507\"><a href=\"https:\/\/www.rwg-bayreuth.de\/home\/?page_id=2507\">NaWigator-Schule<\/a><\/li>\n<li class=\"page_item page-item-11141 page_item_has_children\"><a href=\"https:\/\/www.rwg-bayreuth.de\/home\/?page_id=11141\">Die Geschichte des RWG<\/a>\n<ul class='children'>\n\t<li class=\"page_item page-item-10746 page_item_has_children\"><a href=\"https:\/\/www.rwg-bayreuth.de\/home\/?page_id=10746\">150 Jahre RWG: Chronik &#8211; Texte &#8211; Bilder<\/a><\/li>\n\t<li class=\"page_item page-item-17731 page_item_has_children\"><a href=\"https:\/\/www.rwg-bayreuth.de\/home\/?page_id=17731\">Alle Berichte zu den Veran&shy;staltungen unseres Schuljubil\u00e4ums<\/a><\/li>\n\t<li class=\"page_item page-item-8398\"><a href=\"https:\/\/www.rwg-bayreuth.de\/home\/?page_id=8398\">50 Jahre SWG 1965-2015<\/a><\/li>\n<\/ul>\n<\/li>\n<\/ul>\n","protected":false},"excerpt":{"rendered":"","protected":false},"author":1,"featured_media":0,"parent":0,"menu_order":1,"comment_status":"closed","ping_status":"closed","template":"page-templates\/no-sidebar.php","meta":{"footnotes":""},"tags":[],"_links":{"self":[{"href":"https:\/\/www.rwg-bayreuth.de\/home\/index.php?rest_route=\/wp\/v2\/pages\/11132"}],"collection":[{"href":"https:\/\/www.rwg-bayreuth.de\/home\/index.php?rest_route=\/wp\/v2\/pages"}],"about":[{"href":"https:\/\/www.rwg-bayreuth.de\/home\/index.php?rest_route=\/wp\/v2\/types\/page"}],"author":[{"embeddable":true,"href":"https:\/\/www.rwg-bayreuth.de\/home\/index.php?rest_route=\/wp\/v2\/users\/1"}],"replies":[{"embeddable":true,"href":"https:\/\/www.rwg-bayreuth.de\/home\/index.php?rest_route=%2Fwp%2Fv2%2Fcomments&post=11132"}],"version-history":[{"count":84,"href":"https:\/\/www.rwg-bayreuth.de\/home\/index.php?rest_route=\/wp\/v2\/pages\/11132\/revisions"}],"predecessor-version":[{"id":34629,"href":"https:\/\/www.rwg-bayreuth.de\/home\/index.php?rest_route=\/wp\/v2\/pages\/11132\/revisions\/34629"}],"wp:attachment":[{"href":"https:\/\/www.rwg-bayreuth.de\/home\/index.php?rest_route=%2Fwp%2Fv2%2Fmedia&parent=11132"}],"wp:term":[{"taxonomy":"post_tag","embeddable":true,"href":"https:\/\/www.rwg-bayreuth.de\/home\/index.php?rest_route=%2Fwp%2Fv2%2Ftags&post=11132"}],"curies":[{"name":"wp","href":"https:\/\/api.w.org\/{rel}","templated":true}]}}