{"id":10746,"date":"2016-10-09T20:42:34","date_gmt":"2016-10-09T18:42:34","guid":{"rendered":"http:\/\/www.rwg-bayreuth.de\/home\/?page_id=10746"},"modified":"2022-02-17T11:09:45","modified_gmt":"2022-02-17T10:09:45","slug":"50-jahre-rwg","status":"publish","type":"page","link":"https:\/\/www.rwg-bayreuth.de\/home\/?page_id=10746","title":{"rendered":"150 Jahre RWG: Chronik &#8211; Texte &#8211; Bilder"},"content":{"rendered":"<ul class=\"linkliste\" style=\"margin-bottom:15px;\">\n<li class=\"top\" ><strong><a href=\"https:\/\/www.rwg-bayreuth.de\/home\/?page_id=11602\">Gr\u00fcnderjahre<\/a><\/strong><\/li>\n<\/ul>\n<ul style=\"margin-left:50px;\">\n1867-1903 H\u00f6here T\u00f6chterschule Bayreuth\n<\/ul>\n<ul class=\"linkliste\" style=\"margin-bottom:15px;\">\n<li class=\"top\"><strong><a href=\"https:\/\/www.rwg-bayreuth.de\/home\/?page_id=11608\">Kaiserzeit, Erster Weltkrieg und Weimarer Republik<\/a><\/strong><\/li>\n<\/ul>\n<ul style=\"margin-left:50px; margin-bottom:15px;\">\n1903-1911 St\u00e4dtische H\u00f6here Schule f\u00fcr M\u00e4dchen Bayreuth<\/ul>\n<ul style=\"margin-left:50px; margin-bottom:15px;\">\n1911-1924 St\u00e4dtische H\u00f6here M\u00e4dchenschule Bayreuth (1922-1924 mit Frauenschule)<\/ul>\n<ul style=\"margin-left:50px; margin-bottom:15px;\">\n1924-1926 St\u00e4dtisches M\u00e4dchenlyzeum Bayreuth<\/ul>\n<ul style=\"margin-left:50px; margin-bottom:15px;\">\n1926-1930 St\u00e4dtische H\u00f6here M\u00e4dchenschule (neuere Ordnung)<\/ul>\n<ul style=\"margin-left:50px;\">\n1930-1939 St\u00e4dtisches M\u00e4dchenlyzeum Bayreuth<\/ul>\n<ul class=\"linkliste\" style=\"margin-bottom:15px;\">\n<li class=\"top\"><strong><a href=\"https:\/\/www.rwg-bayreuth.de\/home\/?page_id=11611\">Ende der Weimarer Republik und Drittes Reich<\/a><\/strong><\/li>\n<\/ul>\n<ul style=\"margin-left:50px; margin-bottom:15px;\">\n1930-1939 St\u00e4dtisches M\u00e4dchenlyzeum Bayreuth<\/ul>\n<ul style=\"margin-left:50px;\">\n1939-1945 St\u00e4dtische M\u00e4dchenoberschule Bayreuth<\/ul>\n<ul class=\"linkliste\" style=\"margin-bottom:15px;\">\n<li class=\"top\"><strong><a href=\"https:\/\/www.rwg-bayreuth.de\/home\/?page_id=11616\">Neugr\u00fcndung, Nachkriegsjahre und Wiederaufbau<\/a><\/strong><\/li>\n<\/ul>\n<ul style=\"margin-left:50px; margin-bottom:15px;\">\n1946-1952 St\u00e4dtische Oberrealschule f\u00fcr M\u00e4dchen Bayreuth<\/ul>\n<ul style=\"margin-left:50px;\">\n1952-1965 St\u00e4dtisches Realgymnasium f\u00fcr M\u00e4dchen Bayreuth<\/ul>\n<ul class=\"linkliste\" style=\"margin-bottom:15px;\">\n<li class=\"top\"><strong><a href=\"https:\/\/www.rwg-bayreuth.de\/home\/?page_id=11621\">Moderne Zeiten<\/a><\/strong><\/li>\n<\/ul>\n<ul style=\"margin-left:50px;\">\n1965-2017 Richard-Wagner-Gymnasium Bayreuth<\/ul>\n<ul class=\"linkliste\">\n<li class=\"top\"><strong><a href=\"https:\/\/www.rwg-bayreuth.de\/home\/?p=17011\">Danksagung und Quellenangaben<\/a><\/strong><\/li>\n<\/ul>\n","protected":false},"excerpt":{"rendered":"<p>Gr\u00fcnderjahre 1867-1903 H\u00f6here T\u00f6chterschule Bayreuth Kaiserzeit, Erster Weltkrieg und Weimarer Republik 1903-1911 St\u00e4dtische H\u00f6here Schule f\u00fcr M\u00e4dchen Bayreuth 1911-1924 St\u00e4dtische H\u00f6here M\u00e4dchenschule Bayreuth (1922-1924 mit Frauenschule) 1924-1926 St\u00e4dtisches M\u00e4dchenlyzeum Bayreuth 1926-1930 St\u00e4dtische H\u00f6here M\u00e4dchenschule (neuere Ordnung) 1930-1939 St\u00e4dtisches M\u00e4dchenlyzeum Bayreuth Ende der Weimarer Republik und Drittes Reich 1930-1939 St\u00e4dtisches M\u00e4dchenlyzeum Bayreuth 1939-1945 St\u00e4dtische M\u00e4dchenoberschule Bayreuth&hellip;<\/p>\n","protected":false},"author":1,"featured_media":0,"parent":11141,"menu_order":20,"comment_status":"closed","ping_status":"closed","template":"page-templates\/no-sidebar.php","meta":{"footnotes":""},"tags":[],"_links":{"self":[{"href":"https:\/\/www.rwg-bayreuth.de\/home\/index.php?rest_route=\/wp\/v2\/pages\/10746"}],"collection":[{"href":"https:\/\/www.rwg-bayreuth.de\/home\/index.php?rest_route=\/wp\/v2\/pages"}],"about":[{"href":"https:\/\/www.rwg-bayreuth.de\/home\/index.php?rest_route=\/wp\/v2\/types\/page"}],"author":[{"embeddable":true,"href":"https:\/\/www.rwg-bayreuth.de\/home\/index.php?rest_route=\/wp\/v2\/users\/1"}],"replies":[{"embeddable":true,"href":"https:\/\/www.rwg-bayreuth.de\/home\/index.php?rest_route=%2Fwp%2Fv2%2Fcomments&post=10746"}],"version-history":[{"count":52,"href":"https:\/\/www.rwg-bayreuth.de\/home\/index.php?rest_route=\/wp\/v2\/pages\/10746\/revisions"}],"predecessor-version":[{"id":17889,"href":"https:\/\/www.rwg-bayreuth.de\/home\/index.php?rest_route=\/wp\/v2\/pages\/10746\/revisions\/17889"}],"up":[{"embeddable":true,"href":"https:\/\/www.rwg-bayreuth.de\/home\/index.php?rest_route=\/wp\/v2\/pages\/11141"}],"wp:attachment":[{"href":"https:\/\/www.rwg-bayreuth.de\/home\/index.php?rest_route=%2Fwp%2Fv2%2Fmedia&parent=10746"}],"wp:term":[{"taxonomy":"post_tag","embeddable":true,"href":"https:\/\/www.rwg-bayreuth.de\/home\/index.php?rest_route=%2Fwp%2Fv2%2Ftags&post=10746"}],"curies":[{"name":"wp","href":"https:\/\/api.w.org\/{rel}","templated":true}]}}