{"id":107,"date":"2012-01-17T20:20:18","date_gmt":"2012-01-17T19:20:18","guid":{"rendered":"http:\/\/www.rwg-bayreuth.de\/home\/?page_id=107"},"modified":"2025-10-16T15:50:48","modified_gmt":"2025-10-16T13:50:48","slug":"schulpsychologischer-dienst","status":"publish","type":"page","link":"https:\/\/www.rwg-bayreuth.de\/home\/?page_id=107","title":{"rendered":"Schulpsychologischer Dienst"},"content":{"rendered":"<p><img loading=\"lazy\" decoding=\"async\" src=\"https:\/\/www.rwg-bayreuth.de\/home\/wp-content\/uploads\/2019\/12\/Origami.jpg\" alt=\"\" width=\"960\" height=\"320\" class=\"alignnone size-full wp-image-23447\" srcset=\"https:\/\/www.rwg-bayreuth.de\/home\/wp-content\/uploads\/2019\/12\/Origami.jpg 960w, https:\/\/www.rwg-bayreuth.de\/home\/wp-content\/uploads\/2019\/12\/Origami-450x150.jpg 450w, https:\/\/www.rwg-bayreuth.de\/home\/wp-content\/uploads\/2019\/12\/Origami-768x256.jpg 768w, https:\/\/www.rwg-bayreuth.de\/home\/wp-content\/uploads\/2019\/12\/Origami-250x83.jpg 250w\" sizes=\"(max-width: 960px) 100vw, 960px\" \/><\/p>\n<h5>Staatliche Schulpsychologin<\/h5>\n<p><strong>StRin Susanne Fredersdorf<\/strong><br \/>\nWittelsbacherring 9<br \/>\n95444 Bayreuth<\/p>\n<h5>Sprechzeiten<\/h5>\n<ul style=\"padding-left:0\">\n<li>mittwochs, 13:00 \u2013 13:45 Uhr<\/li>\n<li>freitags, 9:15 \u2013 10:20 Uhr<\/li>\n<\/ul>\n<h5>Kontakt<\/h5>\n<p>Sie k\u00f6nnen mich gerne \u00fcber das Elternportal oder per E-Mail an <a href=\"mailto:fredersdorf@rwg-bayreuth.de\">fredersdorf@rwg-bayreuth.de<\/a>  kontaktieren und einen individuellen Termin vereinbaren.<\/p>\n<p>Die Gespr\u00e4che finden statt in der schulpsychologischen Beratungsstelle am Richard-Wagner-Gymnasium (Zimmer 111, Altbau 1.&nbsp;Stock).<\/p>\n<h5>Beratungsangebot<\/h5>\n<p>Schulpsychologische Beratung k\u00f6nnen <strong>alle<\/strong> Sch\u00fcler\/innen, Eltern und Lehrer in Anspruch nehmen.<br \/>\nDie Beratung ist selbstverst\u00e4ndlich <strong>freiwillig<\/strong>, <strong>kostenlos <\/strong>und unterliegt der <strong>Schweigepflicht<\/strong>.<\/p>\n<h6>Beratungsanl\u00e4sse k\u00f6nnen sein:<\/h6>\n<ul style=\"padding-left:0\">\n<li>Schwierigkeiten in der \u00dcbergangsphase von der Grundschule zum Gymnasium <\/li>\n<li>Lern- und Leistungsschwierigkeiten (z.B. Lern- und Arbeitsverhalten, Konzentrations- und Motivationsprobleme)<\/li>\n<li>Schwierigkeiten bei der Pers\u00f6nlichkeitsentwicklung (Selbstbild, Selbstvertrauen)<\/li>\n<li>Konflikte\/Probleme mit Freunden bzw. Freundinnen, Eltern, Lehrern, der Klasse oder Mitsch\u00fclern (auch F\u00e4lle von Mobbing)<\/li>\n<li>\u00c4ngste (Pr\u00fcfungsangst, \u00c4ngste vor Referaten, Schulangst, Angst vor Lehrern, Vermeidung von Schule und Unterricht)<\/li>\n<li>Famili\u00e4re und pers\u00f6nliche Belastungssituationen (psychosomatische Beeintr\u00e4chtigungen, wie z.&nbsp;B. stressbedingte Bauch- und Kopfschmerzen oder Schlafprobleme)<\/li>\n<li>Lese-Rechtschreib-St\u00f6rung oder Fragestellungen der Inklusion (individuelle Unterst\u00fctzung, Nachteilsausgleich, Notenschutz)<\/li>\n<li>akute Krisensituationen (z.&nbsp;B. Suizidgefahr) oder selbstverletzendes Verhalten (z.&nbsp;B. Ritzen)<\/li>\n<li>schwierige famili\u00e4re Konstellationen<\/li>\n<li>psychische Erkrankungen, wie z.&nbsp;B. Depressionen oder Angsterkrankungen;  bei Bedarf k\u00f6nnen weitergehende \u00e4rztliche oder psychotherapeutische Unterst\u00fctzungsm\u00f6glichkeiten vermittelt werden (auch bei Essst\u00f6rungen!)<\/li>\n<\/ul>\n<p>Bitte nimm\/nehmen Sie das Beratungsangebot fr\u00fchzeitig oder &#8211; besser gesagt &#8211; rechtzeitig in Anspruch.<\/p>\n<p>\u00dcber mein Beratungsangebot hinaus findest du\/finden Sie in untenstehender Liste weitere au\u00dferschulische Anlaufstellen bei pers\u00f6nlichen Not- und Krisensituationen bzw. psychischen Erkrankungen (wie z.&nbsp;B. Depressionen):<\/p>\n<h5>Externe Unterst\u00fctzungsangebote bei psychischen Erkrankungen und pers\u00f6nlichen Notlagen<\/h5>\n<h6>Au\u00dferschulische Einrichtungen und Angebote vor Ort zur Unterst\u00fctzung bzw. Therapie bei psychischen Erkrankungen k\u00f6nnen unter folgenden Links gesucht und gefunden werden:<\/h6>\n<ul>\n<li>\u00d6rtliche Suche nach Fach\u00e4rzten f\u00fcr Kinder- und Jugendpsychiatrie und Kinder- und Jugendlichenpsychotherapeuten:\n<ul>\n<li>\n<a href=\"https:\/\/www.kvb.de\/service\/patienten\/psychotherapeutische-versorgung\/\" rel=\"noopener noreferrer\" target=\"_blank\">Psychotherapeutische Versorgung (KVB)<\/a><\/li>\n<li><a href=\"https:\/\/www.ptk-bayern.de\/ptk\/web.nsf\/formular?openForm&#038;formular=depsychotherapeutensuche\" rel=\"noopener noreferrer\" target=\"_blank\">Therapeutensuche (PTK)<\/a><\/li>\n<\/ul>\n<\/li>\n<li><a href=\"https:\/\/www.gebo-med.de\/fachbereiche\/kinder-und-jugendpsychiatrie\" rel=\"noopener noreferrer\" target=\"_blank\">Standorte f\u00fcr Kinder- und Jugendpsychiatrie der Bezirkskliniken Oberfranken<\/a><\/li>\n<li><a href=\"https:\/\/www.stmas.bayern.de\/erziehungsberatung\/stellen\/index.php\" rel=\"noopener noreferrer\" target=\"_blank\">\u00d6rtliche Suche nach Erziehungsberatungsstellen<\/a><\/li>\n<\/ul>\n<h6>Weitere bundesweite Telefon- und Onlineangebote bei pers\u00f6nlichen Notlagen:<\/h6>\n<ul>\n<li>Telefonseelsorge (Kostenlose, anonyme Beratung rund um die Uhr):<br \/>\n<span style=\"font-weight:550; color:#575757\">Tel.: 0800-1110111<\/span>  <a href=\"tel:08001110111\" style=\"color:#919191\">[Jetzt anrufen!]<\/a> oder <span style=\"font-weight:550; color:#575757\">0800-1110222<\/span>  <a href=\"tel:08001110222\" style=\"color:#919191\">[Jetzt anrufen!]<\/a><\/li>\n<li>Deutsche Depressionshilfe (Kostenlose, anonyme Beratung):<br \/>\n<span style=\"font-weight:550; color:#575757\">Tel.: 0800-3344533<\/span>  <a href=\"tel:08003344533\" style=\"color:#919191\">[Jetzt anrufen!]<\/a><\/li>\n<li>Nummer<span style=\"color:#007979; font-weight: bold\">gegen<\/span>Kummer, Kinder- und Jugendtelefon (Kostenlose, anonyme Beratung):<br \/>\n<span style=\"font-weight:550; color:#575757\">Tel.: 116111<\/span>  <a href=\"tel:116111\" style=\"color:#919191\">[Jetzt anrufen!]<\/a><\/li>\n<li>Nummer<span style=\"color:#007979; font-weight: bold\">gegen<\/span>Kummer, Elterntelefon (Kostenlose, anonyme Beratung):<br \/>\n<span style=\"font-weight:550; color:#575757\">Tel.: 0800-1110550<\/span>  <a href=\"tel:08001110550\" style=\"color:#919191\">[Jetzt anrufen!]<\/a><br \/>\n<a margin-top=\"10px\" href=\"https:\/\/www.nummergegenkummer.de\/\" rel=\"noopener noreferrer\" target=\"_blank\">Mehr informationen zu Nummer<span style=\"color:#007979; font-weight: bold\">gegen<\/span>Kummer<\/a><\/li>\n<li><a href=\"https:\/\/www.deutsche-depressionshilfe.de\/depression-infos-und-hilfe\/selbsttest-offline\" rel=\"noopener noreferrer\" target=\"_blank\">Online Selbsttest der Deutschen Depressionshilfe<\/a><\/li>\n<li><a href=\"http:\/\/www.bke-beratung.de\" rel=\"noopener noreferrer\" target=\"_blank\">Online-Beratungsangebot f\u00fcr Jugendliche und Eltern der Bundeskonferenz f\u00fcr Erziehungsberatung<\/a><\/li>\n<\/ul>\n<h6>Noch ein Hinweis:<\/h6>\n<p>Ein fr\u00fchzeitiger Kontakt mit uns als Schulpsychologen des Richard-Wagner-Gymnasiums lohnt sich in jedem Fall \u2013 allein schon um herauszufinden, welche externen Unterst\u00fctzungsangebote jeweils sinnvoll sein k\u00f6nnten.<\/p>\n<h5>Weiterf\u00fchrende Links<\/h5>\n<ul class=\"linkliste\">\n<li class=\"top\"><a href=\"http:\/\/www.schulberatung.bayern.de\/schulberatung\/oberfranken\/index.asp\" rel=\"noopener noreferrer\" target=\"_blank\">Schulberatung Oberfranken<\/a><\/li>\n<li><a href=\"http:\/\/www.schulberatung.bayern.de\/schulberatung\/index.asp\" rel=\"noopener noreferrer\" target=\"_blank\">Schulberatung Bayern<\/a><\/li>\n<\/ul>\n","protected":false},"excerpt":{"rendered":"<p>Staatliche Schulpsychologin StRin Susanne Fredersdorf Wittelsbacherring 9 95444 Bayreuth Sprechzeiten mittwochs, 13:00 \u2013 13:45 Uhr freitags, 9:15 \u2013 10:20 Uhr Kontakt Sie k\u00f6nnen mich gerne \u00fcber das Elternportal oder per E-Mail an fredersdorf@rwg-bayreuth.de kontaktieren und einen individuellen Termin vereinbaren. Die Gespr\u00e4che finden statt in der schulpsychologischen Beratungsstelle am Richard-Wagner-Gymnasium (Zimmer 111, Altbau 1.&nbsp;Stock). Beratungsangebot Schulpsychologische&hellip;<\/p>\n","protected":false},"author":1,"featured_media":0,"parent":11156,"menu_order":10,"comment_status":"closed","ping_status":"open","template":"page-templates\/no-sidebar.php","meta":{"footnotes":""},"tags":[],"_links":{"self":[{"href":"https:\/\/www.rwg-bayreuth.de\/home\/index.php?rest_route=\/wp\/v2\/pages\/107"}],"collection":[{"href":"https:\/\/www.rwg-bayreuth.de\/home\/index.php?rest_route=\/wp\/v2\/pages"}],"about":[{"href":"https:\/\/www.rwg-bayreuth.de\/home\/index.php?rest_route=\/wp\/v2\/types\/page"}],"author":[{"embeddable":true,"href":"https:\/\/www.rwg-bayreuth.de\/home\/index.php?rest_route=\/wp\/v2\/users\/1"}],"replies":[{"embeddable":true,"href":"https:\/\/www.rwg-bayreuth.de\/home\/index.php?rest_route=%2Fwp%2Fv2%2Fcomments&post=107"}],"version-history":[{"count":95,"href":"https:\/\/www.rwg-bayreuth.de\/home\/index.php?rest_route=\/wp\/v2\/pages\/107\/revisions"}],"predecessor-version":[{"id":40023,"href":"https:\/\/www.rwg-bayreuth.de\/home\/index.php?rest_route=\/wp\/v2\/pages\/107\/revisions\/40023"}],"up":[{"embeddable":true,"href":"https:\/\/www.rwg-bayreuth.de\/home\/index.php?rest_route=\/wp\/v2\/pages\/11156"}],"wp:attachment":[{"href":"https:\/\/www.rwg-bayreuth.de\/home\/index.php?rest_route=%2Fwp%2Fv2%2Fmedia&parent=107"}],"wp:term":[{"taxonomy":"post_tag","embeddable":true,"href":"https:\/\/www.rwg-bayreuth.de\/home\/index.php?rest_route=%2Fwp%2Fv2%2Ftags&post=107"}],"curies":[{"name":"wp","href":"https:\/\/api.w.org\/{rel}","templated":true}]}}