{"id":105,"date":"2012-01-17T20:19:37","date_gmt":"2012-01-17T19:19:37","guid":{"rendered":"http:\/\/www.rwg-bayreuth.de\/home\/?page_id=105"},"modified":"2025-10-21T07:02:46","modified_gmt":"2025-10-21T05:02:46","slug":"schullaufbahnberatung","status":"publish","type":"page","link":"https:\/\/www.rwg-bayreuth.de\/home\/?page_id=105","title":{"rendered":"Schulberatung"},"content":{"rendered":"<style>\r\nh2, h3, h4, h6 { hyphens: none;}\r\n<\/style>\r\n\r\n\r\n\r\n\r\n\r\n\r\n\r\n\r\n<p style=\"text-align: left;\"><em><img decoding=\"async\" src=\"https:\/\/www.rwg-bayreuth.de\/home\/wp-content\/uploads\/2022\/11\/Schulberatung.jpg\" alt=\"\" width=\"30%\" height=\"auto\" class=\"alignright size-full wp-image-32614\" srcset=\"https:\/\/www.rwg-bayreuth.de\/home\/wp-content\/uploads\/2022\/11\/Schulberatung.jpg 1024w, https:\/\/www.rwg-bayreuth.de\/home\/wp-content\/uploads\/2022\/11\/Schulberatung-450x240.jpg 450w, https:\/\/www.rwg-bayreuth.de\/home\/wp-content\/uploads\/2022\/11\/Schulberatung-150x80.jpg 150w, https:\/\/www.rwg-bayreuth.de\/home\/wp-content\/uploads\/2022\/11\/Schulberatung-768x409.jpg 768w, https:\/\/www.rwg-bayreuth.de\/home\/wp-content\/uploads\/2022\/11\/Schulberatung-250x133.jpg 250w\" sizes=\"(max-width: 1024px) 100vw, 1024px\" \/><\/em>Die Schulberatung des RWG wird von <strong>Frau Evelin Wagner<\/strong> durchgef\u00fchrt.<\/p>\r\n<!--<p>In diesem Schuljahr \u00fcbernimmt vertretungsweise <strong>Frau Diana Sieling<\/strong> diese Aufgabe. <\/p> \r\n--><p style=\"margin-bottom: 0;\">Die Beratungslehrkraft ber\u00e4t Sch\u00fcler und Eltern:<\/p>\r\n<ul style=\"padding-left: 0;\">\r\n<li>bei der Wahl der Schullaufbahn;<\/li>\r\n<li>bei der Wahl von F\u00e4chern und Ausbildungsrichtungen innerhalb einer Schulart;<\/li>\r\n<li>bei der Entscheidung, welcher Schulabschluss angestrebt werden soll;<\/li>\r\n<li>bei der Vorbereitung auf die Wahl eines sp\u00e4teren Berufs oder Studiums.<\/li>\r\n<\/ul>\r\n<p>Die Beratungslehrkraft hilft bei Lern\u2010, Leistungs\u2010 und Verhaltensschwierigkeiten.<\/p>\r\n<p>Die Schulberatung ist neutral und kostenfrei; die besprochenen Inhalte unterliegen seitens der Beratungslehrkraft der Verschwiegenheit. Informationen werden also &#8211; auch an andere Lehrkr\u00e4fte oder Mitglieder der Schulleitung &#8211; nur dann weitergegeben, wenn daf\u00fcr ein ausdr\u00fcckliches Einverst\u00e4ndnis des Ratsuchenden besteht.<\/p>\r\n<hr \/>\r\n<h4>Es\u00a0 gelten die folgenden Sprechzeiten:<\/h4>\r\n\r\n<div class=\"su-row\">\r\n<div class=\"su-column su-column-size-2-3\"><div class=\"su-column-inner su-u-clearfix su-u-trim\">\r\n<table style=\"width: 100%;\" border=\"0\" cellspacing=\"0\" cellpadding=\"0\">\r\n<tbody>\r\n<tr>\r\n<th style=\"padding: 0 40px;\">montags 12:00 bis 12:45 Uhr<\/th>\r\n<\/tr>\r\n<tr>\r\n<th style=\"padding: 0 40px;\" colspan=\"3\"><em>und nach Vereinbarung<\/em><\/th>\r\n<\/tr>\r\n<\/tbody>\r\n<\/table>\r\n<\/div><\/div>\r\n<div class=\"su-column su-column-size-1-3 normalsize\"><div class=\"su-column-inner su-u-clearfix su-u-trim\">\r\n\r\n<p><strong>jeweils in Raum 111<\/strong><\/p>\r\n\r\n<\/div><\/div><\/div>\r\n\r\n\r\n \r\n\r\n\r\n<ul style=\"padding-left: 0;\">\r\n<li>Eine Anmeldung zur Sprechstunde ist \u00fcber das <a href=\"https:\/\/riwagybay.eltern-portal.org\/\">Eltern-Portal<\/a> m\u00f6glich. Hinterlassen Sie bitte Ihre Telefonnummer<!-- , damit ich Sie gegebenenfalls zur\u00fcckrufen kann-->. \u00dcberpr\u00fcfen Sie nach der Anmeldung Ihren Email-Eingang, falls ich Ihnen per Email antworte.<\/li>\r\n<li>Eine Kontaktaufnahme ist auch per Mail an <a href=\"mailto:beratung@rwg-bayreuth.de\">beratung@rwg-bayreuth.de<\/a> m\u00f6glich.<\/li>\r\n<\/ul>\r\n<hr \/>\r\n<p>\r\n\r\n\r\n<div class=\"sue-section sue-panel-clickable\" data-url=\"https:\/\/meinbildungsweg.info\/\" data-target=\"blank\" style=\"margin:0px 0px 0px 0px;border-top:0px solid #cccccc;border-bottom:0px solid #cccccc\"><div class=\"sue-section-background\" style=\"background-color:#ffffff;background-position:center center;background-size:cover;background-image:url(&#039;https:\/\/www.rwg-bayreuth.de\/home\/wp-content\/uploads\/2021\/05\/Schulberatung-BildungswegPlanen.jpg&#039;);\"><\/div><div class=\"sue-section-content su-u-trim\" style=\"padding:10px 30px 30px 30px;max-width:1600px;text-align:left;color:#ffffff;text-shadow:none\">\r\n<img loading=\"lazy\" decoding=\"async\" src=\"https:\/\/www.rwg-bayreuth.de\/home\/wp-content\/uploads\/2021\/05\/Schulberatung-MeinBildungsweg.png\" alt=\"\" width=\"201\" height=\"60\" class=\"alignright size-full wp-image-29071\" style=\"max-width: 40%\" srcset=\"https:\/\/www.rwg-bayreuth.de\/home\/wp-content\/uploads\/2021\/05\/Schulberatung-MeinBildungsweg.png 402w, https:\/\/www.rwg-bayreuth.de\/home\/wp-content\/uploads\/2021\/05\/Schulberatung-MeinBildungsweg-250x75.png 250w\" sizes=\"(max-width: 201px) 100vw, 201px\" \/>\r\n<h4 class=\"clear\" style=\"font-weight: 100;     font-family: 'calibri', 'helvetica', 'arial', sans-serif;\">Der Wegweiser f\u00fcr das<\/br>\r\nbayerische Bildungssystem<\/h4>\r\n<h3>Klick hier, um deinen eigenen Bildungsweg zu planen<\/br>&nbsp;<\/h3>\r\n<\/div><\/div>\r\n<!--\r\ntext_shadow=\"0px 1px 10px #2a2a2a\"\r\n-->\r\n\r\n\r\n<!--\r\n&nbsp;\r\n\r\n\r\n<h6>Weiterf\u00fchrende Links:<\/h6>\r\n\r\n\r\n<a title=\"Informationsveranstaltung f\u00fcr die Eltern und Sch\u00fcler der 10. Klassen\" href=\"https:\/\/www.rwg-bayreuth.de\/home\/?page_id=4334\"> Informationsveranstaltung f\u00fcr die Eltern und Sch\u00fcler der 10. Klassen<\/a>\r\n--><\/p>\r\n\r\n<p>&nbsp;<\/p>\r\n","protected":false},"excerpt":{"rendered":"<p>Die Schulberatung des RWG wird von Frau Evelin Wagner durchgef\u00fchrt. Die Beratungslehrkraft ber\u00e4t Sch\u00fcler und Eltern: bei der Wahl der Schullaufbahn; bei der Wahl von F\u00e4chern und Ausbildungsrichtungen innerhalb einer Schulart; bei der Entscheidung, welcher Schulabschluss angestrebt werden soll; bei der Vorbereitung auf die Wahl eines sp\u00e4teren Berufs oder Studiums. Die Beratungslehrkraft hilft bei Lern\u2010,&hellip;<\/p>\n","protected":false},"author":1,"featured_media":0,"parent":11156,"menu_order":40,"comment_status":"closed","ping_status":"closed","template":"page-templates\/no-sidebar.php","meta":{"footnotes":""},"tags":[],"_links":{"self":[{"href":"https:\/\/www.rwg-bayreuth.de\/home\/index.php?rest_route=\/wp\/v2\/pages\/105"}],"collection":[{"href":"https:\/\/www.rwg-bayreuth.de\/home\/index.php?rest_route=\/wp\/v2\/pages"}],"about":[{"href":"https:\/\/www.rwg-bayreuth.de\/home\/index.php?rest_route=\/wp\/v2\/types\/page"}],"author":[{"embeddable":true,"href":"https:\/\/www.rwg-bayreuth.de\/home\/index.php?rest_route=\/wp\/v2\/users\/1"}],"replies":[{"embeddable":true,"href":"https:\/\/www.rwg-bayreuth.de\/home\/index.php?rest_route=%2Fwp%2Fv2%2Fcomments&post=105"}],"version-history":[{"count":77,"href":"https:\/\/www.rwg-bayreuth.de\/home\/index.php?rest_route=\/wp\/v2\/pages\/105\/revisions"}],"predecessor-version":[{"id":40024,"href":"https:\/\/www.rwg-bayreuth.de\/home\/index.php?rest_route=\/wp\/v2\/pages\/105\/revisions\/40024"}],"up":[{"embeddable":true,"href":"https:\/\/www.rwg-bayreuth.de\/home\/index.php?rest_route=\/wp\/v2\/pages\/11156"}],"wp:attachment":[{"href":"https:\/\/www.rwg-bayreuth.de\/home\/index.php?rest_route=%2Fwp%2Fv2%2Fmedia&parent=105"}],"wp:term":[{"taxonomy":"post_tag","embeddable":true,"href":"https:\/\/www.rwg-bayreuth.de\/home\/index.php?rest_route=%2Fwp%2Fv2%2Ftags&post=105"}],"curies":[{"name":"wp","href":"https:\/\/api.w.org\/{rel}","templated":true}]}}